{"id":23863,"date":"2026-04-01T15:09:07","date_gmt":"2026-04-01T20:09:07","guid":{"rendered":"https:\/\/proyectosurbanos.com.co\/?page_id=23863"},"modified":"2026-04-01T15:24:03","modified_gmt":"2026-04-01T20:24:03","slug":"registro-vivienda","status":"publish","type":"page","link":"https:\/\/proyectosurbanos.com.co\/en\/registro-vivienda\/","title":{"rendered":"Registro Vivienda"},"content":{"rendered":"<style>.elementor-23863 .elementor-element.elementor-element-160d416{--display:grid;--e-con-grid-template-columns:repeat(2, 1fr);--e-con-grid-template-rows:repeat(1, 1fr);--gap:0px 0px;--row-gap:0px;--column-gap:0px;--grid-auto-flow:row;--margin-top:100px;--margin-bottom:0px;--margin-left:0px;--margin-right:0px;}.elementor-23863 .elementor-element.elementor-element-160d416:not(.elementor-motion-effects-element-type-background), .elementor-23863 .elementor-element.elementor-element-160d416 > .elementor-motion-effects-container > .elementor-motion-effects-layer{background-color:#634125;}.elementor-23863 .elementor-element.elementor-element-00b602f > .elementor-widget-container{margin:31px 0px 0px 0px;}.elementor-23863 .elementor-element.elementor-element-100a1ca{--display:flex;--justify-content:center;--padding-top:109px;--padding-bottom:109px;--padding-left:109px;--padding-right:109px;}.elementor-23863 .elementor-element.elementor-element-aadb402 > .elementor-widget-container{margin:-18px 0px 0px 0px;}.elementor-23863 .elementor-element.elementor-element-aadb402{text-align:center;}.elementor-23863 .elementor-element.elementor-element-aadb402 .elementor-heading-title{font-size:35px;color:#FFFFFF;}.elementor-23863 .elementor-element.elementor-element-aa47092 > .elementor-widget-container{margin:0px 0px -27px 0px;padding:0px 0px 0px 0px;}.elementor-23863 .elementor-element.elementor-element-aa47092{text-align:justify;font-size:16px;font-weight:400;font-style:normal;line-height:1.3em;color:#FFFFFF;}.elementor-23863 .elementor-element.elementor-element-01d24b5 > .elementor-widget-container{margin:0px 0px -30px 0px;padding:0px 0px 0px 0px;}.elementor-23863 .elementor-element.elementor-element-01d24b5.elementor-element{--align-self:center;}.elementor-23863 .elementor-element.elementor-element-01d24b5 .wpcf7-form-control:not(.wpcf7-submit){width:100%;margin-bottom:-100px;border-radius:2px 2px 2px 2px;}.elementor-23863 .elementor-element.elementor-element-01d24b5 .ha-cf7-form label{width:100%;}.elementor-23863 .elementor-element.elementor-element-01d24b5 label{font-size:10px;line-height:1.2em;color:var( --e-global-color-astglobalcolor5 );}.elementor-23863 .elementor-element.elementor-element-01d24b5 .wpcf7-submit{color:#3F3232;background-color:#C6C2A0;}.elementor-23863 .elementor-element.elementor-element-01d24b5 .wpcf7-submit:hover, .elementor-23863 .elementor-element.elementor-element-01d24b5 .wpcf7-submit:focus{color:var( --e-global-color-f24fdbf );background-color:#C4C5BA;border-color:var( --e-global-color-f24fdbf );}:root{--page-title-display:none;}@media(max-width:1024px){.elementor-23863 .elementor-element.elementor-element-160d416{--grid-auto-flow:row;}.elementor-23863 .elementor-element.elementor-element-100a1ca{--justify-content:center;--padding-top:17px;--padding-bottom:17px;--padding-left:17px;--padding-right:17px;}.elementor-23863 .elementor-element.elementor-element-aadb402 > .elementor-widget-container{margin:0px 0px 20px 0px;}.elementor-23863 .elementor-element.elementor-element-aa47092 > .elementor-widget-container{padding:0px 0px 0px 0px;}.elementor-23863 .elementor-element.elementor-element-aa47092{font-size:13px;}.elementor-23863 .elementor-element.elementor-element-01d24b5 > .elementor-widget-container{padding:0px 0px 0px 0px;}}@media(max-width:768px){.elementor-23863 .elementor-element.elementor-element-160d416{--e-con-grid-template-columns:repeat(1, 1fr);--e-con-grid-template-rows:repeat(1, 1fr);--grid-auto-flow:row;}.elementor-23863 .elementor-element.elementor-element-00b602f > .elementor-widget-container{margin:0px 0px 0px 0px;}.elementor-23863 .elementor-element.elementor-element-aadb402 > .elementor-widget-container{margin:0px 0px 0px 1px;}.elementor-23863 .elementor-element.elementor-element-aadb402 .elementor-heading-title{font-size:30px;line-height:1.1em;}.elementor-23863 .elementor-element.elementor-element-aa47092 > .elementor-widget-container{margin:0px 0px -17px 0px;padding:0px 0px 0px 0px;}.elementor-23863 .elementor-element.elementor-element-01d24b5 > .elementor-widget-container{margin:0px 0px 0px 0px;padding:0px 0px 0px 0px;}}\/* Start custom CSS for ha-cf7, class: .elementor-element-01d24b5 *\/.acceptance-Terrah  {\n    font-size: 13px;\n}\n\n.acceptance-Terrah a {\n    color: red;\n}\n\n.wpcf7-list-item-label {\n    color: #1B2433 !important;\n}\n\n.wpcf7-form-control .wpcf7-acceptance {\n    background: #FFF !important;\n}\n\n.wpcf7-submit {\n    width: 100%;\n}\/* End custom CSS *\/<\/style>\t\t<div data-elementor-type=\"wp-post\" data-elementor-id=\"23863\" class=\"elementor elementor-23863\" data-elementor-settings=\"{&quot;ha_cmc_init_switcher&quot;:&quot;no&quot;}\" data-elementor-post-type=\"page\">\n\t\t\t\t<div class=\"elementor-element elementor-element-160d416 e-grid e-con-full e-con e-parent\" data-id=\"160d416\" data-element_type=\"container\" data-settings=\"{&quot;background_background&quot;:&quot;classic&quot;,&quot;_ha_eqh_enable&quot;:false}\">\n\t\t\t\t<div class=\"elementor-element elementor-element-00b602f elementor-widget elementor-widget-image\" data-id=\"00b602f\" data-element_type=\"widget\" data-widget_type=\"image.default\">\n\t\t\t\t<div class=\"elementor-widget-container\">\n\t\t\t\t\t\t\t\t\t\t\t\t\t\t\t<img fetchpriority=\"high\" decoding=\"async\" width=\"986\" height=\"852\" src=\"https:\/\/proyectosurbanos.com.co\/wp-content\/uploads\/2026\/04\/Proximamente-INVERTIR.jpg\" class=\"attachment-large size-large wp-image-23848\" alt=\"\" srcset=\"https:\/\/proyectosurbanos.com.co\/wp-content\/uploads\/2026\/04\/Proximamente-INVERTIR.jpg 986w, https:\/\/proyectosurbanos.com.co\/wp-content\/uploads\/2026\/04\/Proximamente-INVERTIR-300x259.jpg 300w, https:\/\/proyectosurbanos.com.co\/wp-content\/uploads\/2026\/04\/Proximamente-INVERTIR-768x664.jpg 768w, https:\/\/proyectosurbanos.com.co\/wp-content\/uploads\/2026\/04\/Proximamente-INVERTIR-14x12.jpg 14w\" sizes=\"(max-width: 986px) 100vw, 986px\" \/>\t\t\t\t\t\t\t\t\t\t\t\t\t\t\t<\/div>\n\t\t\t\t<\/div>\n\t\t<div class=\"elementor-element elementor-element-100a1ca e-con-full e-flex e-con e-child\" data-id=\"100a1ca\" data-element_type=\"container\" data-settings=\"{&quot;_ha_eqh_enable&quot;:false}\">\n\t\t\t\t<div class=\"elementor-element elementor-element-aadb402 elementor-widget elementor-widget-heading\" data-id=\"aadb402\" data-element_type=\"widget\" data-widget_type=\"heading.default\">\n\t\t\t\t<div class=\"elementor-widget-container\">\n\t\t\t\t\t<h2 class=\"elementor-heading-title elementor-size-default\">REG\u00cdSTRATE<\/h2>\t\t\t\t<\/div>\n\t\t\t\t<\/div>\n\t\t\t\t<div class=\"elementor-element elementor-element-aa47092 elementor-widget elementor-widget-text-editor\" data-id=\"aa47092\" data-element_type=\"widget\" data-widget_type=\"text-editor.default\">\n\t\t\t\t<div class=\"elementor-widget-container\">\n\t\t\t\t\t\t\t\t\t<p>Reserva tu lugar en este lanzamiento especial y descubre tu pr\u00f3ximo hogar en la mejor zona de la ciudad. Reg\u00edstrate hoy y sorpr\u00e9ndete con los beneficios que tenemos preparados para ti<\/p>\t\t\t\t\t\t\t\t<\/div>\n\t\t\t\t<\/div>\n\t\t\t\t<div class=\"elementor-element elementor-element-01d24b5 elementor-widget elementor-widget-ha-cf7 happy-addon ha-cf7\" data-id=\"01d24b5\" data-element_type=\"widget\" data-widget_type=\"ha-cf7.default\">\n\t\t\t\t<div class=\"elementor-widget-container\">\n\t\t\t\t\t\n<div class=\"wpcf7 no-js\" id=\"wpcf7-f23870-o1\" lang=\"es-ES\" dir=\"ltr\" data-wpcf7-id=\"23870\">\n<div class=\"screen-reader-response\"><p role=\"status\" aria-live=\"polite\" aria-atomic=\"true\"><\/p> <ul><\/ul><\/div>\n<form action=\"\/en\/wp-json\/wp\/v2\/pages\/23863#wpcf7-f23870-o1\" method=\"post\" class=\"wpcf7-form init ha-cf7-form\" aria-label=\"Formulario de contacto\" novalidate=\"novalidate\" data-status=\"init\" data-trp-original-action=\"\/en\/wp-json\/wp\/v2\/pages\/23863#wpcf7-f23870-o1\">\n<fieldset class=\"hidden-fields-container\"><input type=\"hidden\" name=\"_wpcf7\" value=\"23870\" \/><input type=\"hidden\" name=\"_wpcf7_version\" value=\"6.1.5\" \/><input type=\"hidden\" name=\"_wpcf7_locale\" value=\"es_ES\" \/><input type=\"hidden\" name=\"_wpcf7_unit_tag\" value=\"wpcf7-f23870-o1\" \/><input type=\"hidden\" name=\"_wpcf7_container_post\" value=\"0\" \/><input type=\"hidden\" name=\"_wpcf7_posted_data_hash\" value=\"\" \/><input type=\"hidden\" name=\"_wpcf7dtx_version\" value=\"5.0.5\" \/><input type=\"hidden\" name=\"_wpcf7_recaptcha_response\" value=\"\" \/>\n<\/fieldset>\n<div class=\"Terrah\">\n\t<div class=\"fila-Terrah\">\n\t\t<p><span class=\"wpcf7-form-control-wrap\" data-name=\"nombre\"><input size=\"40\" maxlength=\"400\" class=\"wpcf7-form-control wpcf7-text wpcf7-validates-as-required\" aria-required=\"true\" aria-invalid=\"false\" placeholder=\"Nombre\" value=\"\" type=\"text\" name=\"nombre\" \/><\/span><br \/>\n<span class=\"wpcf7-form-control-wrap\" data-name=\"ciudad\"><input size=\"40\" maxlength=\"400\" class=\"wpcf7-form-control wpcf7-text wpcf7-validates-as-required\" aria-required=\"true\" aria-invalid=\"false\" placeholder=\"Ciudad\" value=\"\" type=\"text\" name=\"ciudad\" \/><\/span><br \/>\n<span class=\"wpcf7-form-control-wrap\" data-name=\"tel\"><input size=\"40\" maxlength=\"400\" class=\"wpcf7-form-control wpcf7-text wpcf7-validates-as-required\" aria-required=\"true\" aria-invalid=\"false\" placeholder=\"Tel\u00e9fono\" value=\"\" type=\"text\" name=\"tel\" \/><\/span><br \/>\n<span class=\"wpcf7-form-control-wrap\" data-name=\"email\"><input size=\"40\" maxlength=\"400\" class=\"wpcf7-form-control wpcf7-email wpcf7-validates-as-required wpcf7-text wpcf7-validates-as-email\" aria-required=\"true\" aria-invalid=\"false\" placeholder=\"Email\" value=\"\" type=\"email\" name=\"email\" \/><\/span>\n\t\t<\/p>\n\t<\/div>\n\t<div class=\"acceptance-Terrah\">\n\t\t<p>Acepto la <a href=\"https:\/\/proyectosurbanos.com.co\/en\/site\/politica-de-datos\/\" target=\"_blank\">pol\u00edtica de datos<\/a>, el tratamiento de mis datos y ser contactado con la informaci\u00f3n que proporciono en este formulario*\n\t\t<\/p>\n\t<\/div>\n\t<div class=\"container-Terrah\">\n\t\t<p><input class=\"wpcf7-form-control wpcf7-submit has-spinner\" type=\"submit\" value=\"Enviar\" \/>\n\t\t<\/p>\n\t<\/div>\n<\/div><p style=\"display: none !important;\" class=\"akismet-fields-container\" data-prefix=\"_wpcf7_ak_\"><label>&#916;<textarea name=\"_wpcf7_ak_hp_textarea\" cols=\"45\" rows=\"8\" maxlength=\"100\"><\/textarea><\/label><input type=\"hidden\" id=\"ak_js_1\" name=\"_wpcf7_ak_js\" value=\"148\"\/><script>document.getElementById( \"ak_js_1\" ).setAttribute( \"value\", ( new Date() ).getTime() );<\/script><\/p><div class=\"wpcf7-response-output\" aria-hidden=\"true\"><\/div>\n<input type=\"hidden\" name=\"trp-form-language\" value=\"en\"\/><\/form>\n<\/div>\n\t\t\t\t<\/div>\n\t\t\t\t<\/div>\n\t\t\t\t<\/div>\n\t\t\t\t<\/div>\n\t\t\t\t<\/div>","protected":false},"excerpt":{"rendered":"<p>REG\u00cdSTRATE Reserva tu lugar en este lanzamiento especial y descubre tu pr\u00f3ximo hogar en la mejor zona de la ciudad. Reg\u00edstrate hoy y sorpr\u00e9ndete con los beneficios que tenemos preparados para ti Acepto la pol\u00edtica de datos, el tratamiento de mis datos y ser contactado con la informaci\u00f3n que proporciono en este formulario* &#916;<\/p>","protected":false},"author":1,"featured_media":15901,"parent":0,"menu_order":0,"comment_status":"closed","ping_status":"closed","template":"","meta":{"pucrm_project_code":"","pucrm_tipo_vivienda":"","tipos_inmueble":[],"site-sidebar-layout":"no-sidebar","site-content-layout":"page-builder","ast-site-content-layout":"full-width-container","site-content-style":"unboxed","site-sidebar-style":"unboxed","ast-global-header-display":"","ast-banner-title-visibility":"","ast-main-header-display":"","ast-hfb-above-header-display":"","ast-hfb-below-header-display":"","ast-hfb-mobile-header-display":"","site-post-title":"disabled","ast-breadcrumbs-content":"disabled","ast-featured-img":"disabled","footer-sml-layout":"","ast-disable-related-posts":"","theme-transparent-header-meta":"enabled","adv-header-id-meta":"","stick-header-meta":"","header-above-stick-meta":"","header-main-stick-meta":"","header-below-stick-meta":"","astra-migrate-meta-layouts":"set","ast-page-background-enabled":"default","ast-page-background-meta":{"desktop":{"background-color":"","background-image":"","background-repeat":"repeat","background-position":"center center","background-size":"auto","background-attachment":"scroll","background-type":"","background-media":"","overlay-type":"","overlay-color":"","overlay-opacity":"","overlay-gradient":""},"tablet":{"background-color":"","background-image":"","background-repeat":"repeat","background-position":"center center","background-size":"auto","background-attachment":"scroll","background-type":"","background-media":"","overlay-type":"","overlay-color":"","overlay-opacity":"","overlay-gradient":""},"mobile":{"background-color":"","background-image":"","background-repeat":"repeat","background-position":"center center","background-size":"auto","background-attachment":"scroll","background-type":"","background-media":"","overlay-type":"","overlay-color":"","overlay-opacity":"","overlay-gradient":""}},"ast-content-background-meta":{"desktop":{"background-color":"var(--ast-global-color-5)","background-image":"","background-repeat":"repeat","background-position":"center center","background-size":"auto","background-attachment":"scroll","background-type":"","background-media":"","overlay-type":"","overlay-color":"","overlay-opacity":"","overlay-gradient":""},"tablet":{"background-color":"var(--ast-global-color-5)","background-image":"","background-repeat":"repeat","background-position":"center center","background-size":"auto","background-attachment":"scroll","background-type":"","background-media":"","overlay-type":"","overlay-color":"","overlay-opacity":"","overlay-gradient":""},"mobile":{"background-color":"var(--ast-global-color-5)","background-image":"","background-repeat":"repeat","background-position":"center center","background-size":"auto","background-attachment":"scroll","background-type":"","background-media":"","overlay-type":"","overlay-color":"","overlay-opacity":"","overlay-gradient":""}},"footnotes":""},"class_list":["post-23863","page","type-page","status-publish","has-post-thumbnail","hentry"],"yoast_head":"<!-- This site is optimized with the Yoast SEO plugin v27.1.1 - https:\/\/yoast.com\/product\/yoast-seo-wordpress\/ -->\n<title>Registro Vivienda - Proyectos Urbanos<\/title>\n<meta name=\"robots\" content=\"index, follow, max-snippet:-1, max-image-preview:large, max-video-preview:-1\" \/>\n<link rel=\"canonical\" href=\"https:\/\/proyectosurbanos.com.co\/en\/registro-vivienda\/\" \/>\n<meta property=\"og:locale\" content=\"en_US\" \/>\n<meta property=\"og:type\" content=\"article\" \/>\n<meta property=\"og:title\" content=\"Registro Vivienda - Proyectos Urbanos\" \/>\n<meta property=\"og:description\" content=\"REG\u00cdSTRATE Reserva tu lugar en este lanzamiento especial y descubre tu pr\u00f3ximo hogar en la mejor zona de la ciudad. Reg\u00edstrate hoy y sorpr\u00e9ndete con los beneficios que tenemos preparados para ti Acepto la pol\u00edtica de datos, el tratamiento de mis datos y ser contactado con la informaci\u00f3n que proporciono en este formulario* &#916;\" \/>\n<meta property=\"og:url\" content=\"https:\/\/proyectosurbanos.com.co\/en\/registro-vivienda\/\" \/>\n<meta property=\"og:site_name\" content=\"Proyectos Urbanos\" \/>\n<meta property=\"article:publisher\" content=\"https:\/\/www.facebook.com\/proyectosurbanosc\/\" \/>\n<meta property=\"article:modified_time\" content=\"2026-04-01T20:24:03+00:00\" \/>\n<meta property=\"og:image\" content=\"https:\/\/proyectosurbanos.com.co\/wp-content\/uploads\/2023\/11\/botaniko_g7.jpg\" \/>\n\t<meta property=\"og:image:width\" content=\"645\" \/>\n\t<meta property=\"og:image:height\" content=\"580\" \/>\n\t<meta property=\"og:image:type\" content=\"image\/jpeg\" \/>\n<meta name=\"twitter:card\" content=\"summary_large_image\" \/>\n<meta name=\"twitter:label1\" content=\"Est. reading time\" \/>\n\t<meta name=\"twitter:data1\" content=\"1 minute\" \/>\n<script type=\"application\/ld+json\" class=\"yoast-schema-graph\">{\"@context\":\"https:\/\/schema.org\",\"@graph\":[{\"@type\":\"WebPage\",\"@id\":\"https:\/\/proyectosurbanos.com.co\/registro-vivienda\/\",\"url\":\"https:\/\/proyectosurbanos.com.co\/registro-vivienda\/\",\"name\":\"Registro Vivienda - Proyectos Urbanos\",\"isPartOf\":{\"@id\":\"https:\/\/proyectosurbanos.com.co\/#website\"},\"primaryImageOfPage\":{\"@id\":\"https:\/\/proyectosurbanos.com.co\/registro-vivienda\/#primaryimage\"},\"image\":{\"@id\":\"https:\/\/proyectosurbanos.com.co\/registro-vivienda\/#primaryimage\"},\"thumbnailUrl\":\"https:\/\/proyectosurbanos.com.co\/wp-content\/uploads\/2023\/11\/botaniko_g7.jpg\",\"datePublished\":\"2026-04-01T20:09:07+00:00\",\"dateModified\":\"2026-04-01T20:24:03+00:00\",\"breadcrumb\":{\"@id\":\"https:\/\/proyectosurbanos.com.co\/registro-vivienda\/#breadcrumb\"},\"inLanguage\":\"en-US\",\"potentialAction\":[{\"@type\":\"ReadAction\",\"target\":[\"https:\/\/proyectosurbanos.com.co\/registro-vivienda\/\"]}]},{\"@type\":\"ImageObject\",\"inLanguage\":\"en-US\",\"@id\":\"https:\/\/proyectosurbanos.com.co\/registro-vivienda\/#primaryimage\",\"url\":\"https:\/\/proyectosurbanos.com.co\/wp-content\/uploads\/2023\/11\/botaniko_g7.jpg\",\"contentUrl\":\"https:\/\/proyectosurbanos.com.co\/wp-content\/uploads\/2023\/11\/botaniko_g7.jpg\",\"width\":645,\"height\":580},{\"@type\":\"BreadcrumbList\",\"@id\":\"https:\/\/proyectosurbanos.com.co\/registro-vivienda\/#breadcrumb\",\"itemListElement\":[{\"@type\":\"ListItem\",\"position\":1,\"name\":\"Portada\",\"item\":\"https:\/\/proyectosurbanos.com.co\/\"},{\"@type\":\"ListItem\",\"position\":2,\"name\":\"Registro Vivienda\"}]},{\"@type\":\"WebSite\",\"@id\":\"https:\/\/proyectosurbanos.com.co\/#website\",\"url\":\"https:\/\/proyectosurbanos.com.co\/\",\"name\":\"Proyectos Urbanos\",\"description\":\"Proyectos Urbanos\",\"publisher\":{\"@id\":\"https:\/\/proyectosurbanos.com.co\/#organization\"},\"potentialAction\":[{\"@type\":\"SearchAction\",\"target\":{\"@type\":\"EntryPoint\",\"urlTemplate\":\"https:\/\/proyectosurbanos.com.co\/?s={search_term_string}\"},\"query-input\":{\"@type\":\"PropertyValueSpecification\",\"valueRequired\":true,\"valueName\":\"search_term_string\"}}],\"inLanguage\":\"en-US\"},{\"@type\":\"Organization\",\"@id\":\"https:\/\/proyectosurbanos.com.co\/#organization\",\"name\":\"Proyectos Urbanos\",\"url\":\"https:\/\/proyectosurbanos.com.co\/\",\"logo\":{\"@type\":\"ImageObject\",\"inLanguage\":\"en-US\",\"@id\":\"https:\/\/proyectosurbanos.com.co\/#\/schema\/logo\/image\/\",\"url\":\"https:\/\/proyectosurbanos.com.co\/wp-content\/uploads\/2022\/12\/Logo-PU-2022-color.png\",\"contentUrl\":\"https:\/\/proyectosurbanos.com.co\/wp-content\/uploads\/2022\/12\/Logo-PU-2022-color.png\",\"width\":1229,\"height\":502,\"caption\":\"Proyectos Urbanos\"},\"image\":{\"@id\":\"https:\/\/proyectosurbanos.com.co\/#\/schema\/logo\/image\/\"},\"sameAs\":[\"https:\/\/www.facebook.com\/proyectosurbanosc\/\",\"https:\/\/www.youtube.com\/channel\/UCI3qQ5VKUYv4JsaIKg4d3bw\",\"https:\/\/www.tiktok.com\/@proyectosurbanosc\",\"https:\/\/www.instagram.com\/proyectosurbanosc\/?hl=es-la\"]}]}<\/script>\n<!-- \/ Yoast SEO plugin. -->","yoast_head_json":{"title":"Registro Vivienda - Proyectos Urbanos","robots":{"index":"index","follow":"follow","max-snippet":"max-snippet:-1","max-image-preview":"max-image-preview:large","max-video-preview":"max-video-preview:-1"},"canonical":"https:\/\/proyectosurbanos.com.co\/en\/registro-vivienda\/","og_locale":"en_US","og_type":"article","og_title":"Registro Vivienda - Proyectos Urbanos","og_description":"REG\u00cdSTRATE Reserva tu lugar en este lanzamiento especial y descubre tu pr\u00f3ximo hogar en la mejor zona de la ciudad. Reg\u00edstrate hoy y sorpr\u00e9ndete con los beneficios que tenemos preparados para ti Acepto la pol\u00edtica de datos, el tratamiento de mis datos y ser contactado con la informaci\u00f3n que proporciono en este formulario* &#916;","og_url":"https:\/\/proyectosurbanos.com.co\/en\/registro-vivienda\/","og_site_name":"Proyectos Urbanos","article_publisher":"https:\/\/www.facebook.com\/proyectosurbanosc\/","article_modified_time":"2026-04-01T20:24:03+00:00","og_image":[{"width":645,"height":580,"url":"https:\/\/proyectosurbanos.com.co\/wp-content\/uploads\/2023\/11\/botaniko_g7.jpg","type":"image\/jpeg"}],"twitter_card":"summary_large_image","twitter_misc":{"Est. reading time":"1 minute"},"schema":{"@context":"https:\/\/schema.org","@graph":[{"@type":"WebPage","@id":"https:\/\/proyectosurbanos.com.co\/registro-vivienda\/","url":"https:\/\/proyectosurbanos.com.co\/registro-vivienda\/","name":"Registro Vivienda - Proyectos Urbanos","isPartOf":{"@id":"https:\/\/proyectosurbanos.com.co\/#website"},"primaryImageOfPage":{"@id":"https:\/\/proyectosurbanos.com.co\/registro-vivienda\/#primaryimage"},"image":{"@id":"https:\/\/proyectosurbanos.com.co\/registro-vivienda\/#primaryimage"},"thumbnailUrl":"https:\/\/proyectosurbanos.com.co\/wp-content\/uploads\/2023\/11\/botaniko_g7.jpg","datePublished":"2026-04-01T20:09:07+00:00","dateModified":"2026-04-01T20:24:03+00:00","breadcrumb":{"@id":"https:\/\/proyectosurbanos.com.co\/registro-vivienda\/#breadcrumb"},"inLanguage":"en-US","potentialAction":[{"@type":"ReadAction","target":["https:\/\/proyectosurbanos.com.co\/registro-vivienda\/"]}]},{"@type":"ImageObject","inLanguage":"en-US","@id":"https:\/\/proyectosurbanos.com.co\/registro-vivienda\/#primaryimage","url":"https:\/\/proyectosurbanos.com.co\/wp-content\/uploads\/2023\/11\/botaniko_g7.jpg","contentUrl":"https:\/\/proyectosurbanos.com.co\/wp-content\/uploads\/2023\/11\/botaniko_g7.jpg","width":645,"height":580},{"@type":"BreadcrumbList","@id":"https:\/\/proyectosurbanos.com.co\/registro-vivienda\/#breadcrumb","itemListElement":[{"@type":"ListItem","position":1,"name":"Portada","item":"https:\/\/proyectosurbanos.com.co\/"},{"@type":"ListItem","position":2,"name":"Registro Vivienda"}]},{"@type":"WebSite","@id":"https:\/\/proyectosurbanos.com.co\/#website","url":"https:\/\/proyectosurbanos.com.co\/","name":"Proyectos Urbanos","description":"Proyectos Urbanos","publisher":{"@id":"https:\/\/proyectosurbanos.com.co\/#organization"},"potentialAction":[{"@type":"SearchAction","target":{"@type":"EntryPoint","urlTemplate":"https:\/\/proyectosurbanos.com.co\/?s={search_term_string}"},"query-input":{"@type":"PropertyValueSpecification","valueRequired":true,"valueName":"search_term_string"}}],"inLanguage":"en-US"},{"@type":"Organization","@id":"https:\/\/proyectosurbanos.com.co\/#organization","name":"Proyectos Urbanos","url":"https:\/\/proyectosurbanos.com.co\/","logo":{"@type":"ImageObject","inLanguage":"en-US","@id":"https:\/\/proyectosurbanos.com.co\/#\/schema\/logo\/image\/","url":"https:\/\/proyectosurbanos.com.co\/wp-content\/uploads\/2022\/12\/Logo-PU-2022-color.png","contentUrl":"https:\/\/proyectosurbanos.com.co\/wp-content\/uploads\/2022\/12\/Logo-PU-2022-color.png","width":1229,"height":502,"caption":"Proyectos Urbanos"},"image":{"@id":"https:\/\/proyectosurbanos.com.co\/#\/schema\/logo\/image\/"},"sameAs":["https:\/\/www.facebook.com\/proyectosurbanosc\/","https:\/\/www.youtube.com\/channel\/UCI3qQ5VKUYv4JsaIKg4d3bw","https:\/\/www.tiktok.com\/@proyectosurbanosc","https:\/\/www.instagram.com\/proyectosurbanosc\/?hl=es-la"]}]}},"_links":{"self":[{"href":"https:\/\/proyectosurbanos.com.co\/en\/wp-json\/wp\/v2\/pages\/23863","targetHints":{"allow":["GET"]}}],"collection":[{"href":"https:\/\/proyectosurbanos.com.co\/en\/wp-json\/wp\/v2\/pages"}],"about":[{"href":"https:\/\/proyectosurbanos.com.co\/en\/wp-json\/wp\/v2\/types\/page"}],"author":[{"embeddable":true,"href":"https:\/\/proyectosurbanos.com.co\/en\/wp-json\/wp\/v2\/users\/1"}],"replies":[{"embeddable":true,"href":"https:\/\/proyectosurbanos.com.co\/en\/wp-json\/wp\/v2\/comments?post=23863"}],"version-history":[{"count":7,"href":"https:\/\/proyectosurbanos.com.co\/en\/wp-json\/wp\/v2\/pages\/23863\/revisions"}],"predecessor-version":[{"id":23873,"href":"https:\/\/proyectosurbanos.com.co\/en\/wp-json\/wp\/v2\/pages\/23863\/revisions\/23873"}],"wp:featuredmedia":[{"embeddable":true,"href":"https:\/\/proyectosurbanos.com.co\/en\/wp-json\/wp\/v2\/media\/15901"}],"wp:attachment":[{"href":"https:\/\/proyectosurbanos.com.co\/en\/wp-json\/wp\/v2\/media?parent=23863"}],"curies":[{"name":"wp","href":"https:\/\/api.w.org\/{rel}","templated":true}]}}