{"id":23539,"date":"2026-02-25T15:52:27","date_gmt":"2026-02-25T20:52:27","guid":{"rendered":"https:\/\/proyectosurbanos.com.co\/?page_id=23539"},"modified":"2026-02-25T16:12:31","modified_gmt":"2026-02-25T21:12:31","slug":"estado-de-cuenta","status":"publish","type":"page","link":"https:\/\/proyectosurbanos.com.co\/en\/pagos-pse\/estado-de-cuenta\/","title":{"rendered":"Estado de Cuenta"},"content":{"rendered":"<style>.elementor-23539 .elementor-element.elementor-element-9e4d0f8{--display:flex;--flex-direction:row;--container-widget-width:initial;--container-widget-height:100%;--container-widget-flex-grow:1;--container-widget-align-self:stretch;--flex-wrap-mobile:wrap;--gap:0px 0px;--row-gap:0px;--column-gap:0px;--overlay-opacity:0.42;--padding-top:0px;--padding-bottom:0px;--padding-left:0px;--padding-right:0px;}.elementor-23539 .elementor-element.elementor-element-9e4d0f8:not(.elementor-motion-effects-element-type-background), .elementor-23539 .elementor-element.elementor-element-9e4d0f8 > .elementor-motion-effects-container > .elementor-motion-effects-layer{background-image:url(\"https:\/\/proyectosurbanos.com.co\/wp-content\/uploads\/2025\/08\/FONDO-WEB-promo-min.png\");background-position:center center;background-repeat:no-repeat;background-size:cover;}.elementor-23539 .elementor-element.elementor-element-9e4d0f8::before, .elementor-23539 .elementor-element.elementor-element-9e4d0f8 > .elementor-background-video-container::before, .elementor-23539 .elementor-element.elementor-element-9e4d0f8 > .e-con-inner > .elementor-background-video-container::before, .elementor-23539 .elementor-element.elementor-element-9e4d0f8 > .elementor-background-slideshow::before, .elementor-23539 .elementor-element.elementor-element-9e4d0f8 > .e-con-inner > .elementor-background-slideshow::before, .elementor-23539 .elementor-element.elementor-element-9e4d0f8 > .elementor-motion-effects-container > .elementor-motion-effects-layer::before{background-color:#000000;--background-overlay:'';}.elementor-23539 .elementor-element.elementor-element-bb66180{--display:flex;--flex-direction:column;--container-widget-width:100%;--container-widget-height:initial;--container-widget-flex-grow:0;--container-widget-align-self:initial;--flex-wrap-mobile:wrap;--justify-content:center;}.elementor-23539 .elementor-element.elementor-element-9c9349f > .elementor-widget-container{margin:0px 0px 5px 0px;}.elementor-23539 .elementor-element.elementor-element-9c9349f{text-align:center;}.elementor-23539 .elementor-element.elementor-element-9c9349f .elementor-heading-title{font-size:37px;font-weight:800;text-transform:uppercase;text-shadow:0px 0px 29px #000000;color:var( --e-global-color-astglobalcolor5 );}.elementor-23539 .elementor-element.elementor-element-75d9bd5{--display:flex;--flex-direction:column;--container-widget-width:100%;--container-widget-height:initial;--container-widget-flex-grow:0;--container-widget-align-self:initial;--flex-wrap-mobile:wrap;--overlay-opacity:0.86;--padding-top:15%;--padding-bottom:6%;--padding-left:2%;--padding-right:2%;}.elementor-23539 .elementor-element.elementor-element-75d9bd5::before, .elementor-23539 .elementor-element.elementor-element-75d9bd5 > .elementor-background-video-container::before, .elementor-23539 .elementor-element.elementor-element-75d9bd5 > .e-con-inner > .elementor-background-video-container::before, .elementor-23539 .elementor-element.elementor-element-75d9bd5 > .elementor-background-slideshow::before, .elementor-23539 .elementor-element.elementor-element-75d9bd5 > .e-con-inner > .elementor-background-slideshow::before, .elementor-23539 .elementor-element.elementor-element-75d9bd5 > .elementor-motion-effects-container > .elementor-motion-effects-layer::before{background-color:var( --e-global-color-astglobalcolor8 );--background-overlay:'';}.elementor-23539 .elementor-element.elementor-element-b9e7bbc .wpcf7-form-control:not(.wpcf7-submit){width:100%;margin-bottom:-10px;border-radius:2px 2px 2px 2px;}.elementor-23539 .elementor-element.elementor-element-b9e7bbc .ha-cf7-form label{width:100%;}.elementor-23539 .elementor-element.elementor-element-b9e7bbc label{font-size:13px;line-height:1.2em;color:var( --e-global-color-astglobalcolor5 );}.elementor-23539 .elementor-element.elementor-element-b9e7bbc .wpcf7-submit{color:#FFFFFF;background-color:var( --e-global-color-c4712a2 );}.elementor-23539 .elementor-element.elementor-element-b9e7bbc .wpcf7-submit:hover, .elementor-23539 .elementor-element.elementor-element-b9e7bbc .wpcf7-submit:focus{color:var( --e-global-color-c4712a2 );background-color:#FFFFFF;}:root{--page-title-display:none;}@media(min-width:769px){.elementor-23539 .elementor-element.elementor-element-bb66180{--width:50%;}.elementor-23539 .elementor-element.elementor-element-75d9bd5{--width:50%;}}@media(max-width:768px){.elementor-23539 .elementor-element.elementor-element-9e4d0f8:not(.elementor-motion-effects-element-type-background), .elementor-23539 .elementor-element.elementor-element-9e4d0f8 > .elementor-motion-effects-container > .elementor-motion-effects-layer{background-image:url(\"https:\/\/proyectosurbanos.com.co\/wp-content\/uploads\/2025\/05\/Fondo-Bokora-1-1.jpg\");background-position:top center;background-repeat:no-repeat;background-size:cover;}.elementor-23539 .elementor-element.elementor-element-9e4d0f8{--padding-top:30%;--padding-bottom:0%;--padding-left:0%;--padding-right:0%;}.elementor-23539 .elementor-element.elementor-element-bb66180{--padding-top:0px;--padding-bottom:35px;--padding-left:0px;--padding-right:0px;}.elementor-23539 .elementor-element.elementor-element-9c9349f{text-align:center;}.elementor-23539 .elementor-element.elementor-element-75d9bd5{--padding-top:020px;--padding-bottom:020px;--padding-left:020px;--padding-right:020px;}}@media(min-width:1025px){.elementor-23539 .elementor-element.elementor-element-9e4d0f8:not(.elementor-motion-effects-element-type-background), .elementor-23539 .elementor-element.elementor-element-9e4d0f8 > .elementor-motion-effects-container > .elementor-motion-effects-layer{background-attachment:scroll;}}\/* Start custom CSS for ha-cf7, class: .elementor-element-b9e7bbc *\/.acceptance-soportes {\n    color: #fff;\n}\n\n.acceptance-soportes a {\n    color: var(--e-global-color-c4712a2);\n}\n\n.wpcf7-response-output {\n    color: #FFF!important;\n}\/* End custom CSS *\/<\/style>\t\t<div data-elementor-type=\"wp-page\" data-elementor-id=\"23539\" class=\"elementor elementor-23539\" data-elementor-settings=\"{&quot;ha_cmc_init_switcher&quot;:&quot;no&quot;}\" data-elementor-post-type=\"page\">\n\t\t\t\t<div class=\"elementor-element elementor-element-9e4d0f8 e-flex e-con-boxed e-con e-parent\" data-id=\"9e4d0f8\" data-element_type=\"container\" data-settings=\"{&quot;background_background&quot;:&quot;classic&quot;,&quot;_ha_eqh_enable&quot;:false}\">\n\t\t\t\t\t<div class=\"e-con-inner\">\n\t\t<div class=\"elementor-element elementor-element-bb66180 e-con-full e-flex e-con e-child\" data-id=\"bb66180\" data-element_type=\"container\" data-settings=\"{&quot;_ha_eqh_enable&quot;:false}\">\n\t\t\t\t<div class=\"elementor-element elementor-element-9c9349f elementor-widget elementor-widget-heading\" data-id=\"9c9349f\" data-element_type=\"widget\" data-widget_type=\"heading.default\">\n\t\t\t\t<div class=\"elementor-widget-container\">\n\t\t\t\t\t<h2 class=\"elementor-heading-title elementor-size-default\">Estado de Cuenta<\/h2>\t\t\t\t<\/div>\n\t\t\t\t<\/div>\n\t\t\t\t<\/div>\n\t\t<div class=\"elementor-element elementor-element-75d9bd5 e-con-full e-flex e-con e-child\" data-id=\"75d9bd5\" data-element_type=\"container\" data-settings=\"{&quot;_ha_eqh_enable&quot;:false}\">\n\t\t\t\t<div class=\"elementor-element elementor-element-b9e7bbc elementor-widget elementor-widget-ha-cf7 happy-addon ha-cf7\" data-id=\"b9e7bbc\" data-element_type=\"widget\" data-widget_type=\"ha-cf7.default\">\n\t\t\t\t<div class=\"elementor-widget-container\">\n\t\t\t\t\t\n<div class=\"wpcf7 no-js\" id=\"wpcf7-f23569-o1\" lang=\"es-ES\" dir=\"ltr\" data-wpcf7-id=\"23569\">\n<div class=\"screen-reader-response\"><p role=\"status\" aria-live=\"polite\" aria-atomic=\"true\"><\/p> <ul><\/ul><\/div>\n<form action=\"\/en\/wp-json\/wp\/v2\/pages\/23539#wpcf7-f23569-o1\" method=\"post\" class=\"wpcf7-form init ha-cf7-form\" aria-label=\"Formulario de contacto\" novalidate=\"novalidate\" data-status=\"init\" data-trp-original-action=\"\/en\/wp-json\/wp\/v2\/pages\/23539#wpcf7-f23569-o1\">\n<fieldset class=\"hidden-fields-container\"><input type=\"hidden\" name=\"_wpcf7\" value=\"23569\" \/><input type=\"hidden\" name=\"_wpcf7_version\" value=\"6.1.5\" \/><input type=\"hidden\" name=\"_wpcf7_locale\" value=\"es_ES\" \/><input type=\"hidden\" name=\"_wpcf7_unit_tag\" value=\"wpcf7-f23569-o1\" \/><input type=\"hidden\" name=\"_wpcf7_container_post\" value=\"0\" \/><input type=\"hidden\" name=\"_wpcf7_posted_data_hash\" value=\"\" \/><input type=\"hidden\" name=\"_wpcf7dtx_version\" value=\"5.0.5\" \/><input type=\"hidden\" name=\"_wpcf7_recaptcha_response\" value=\"\" \/>\n<\/fieldset>\n<p><label> Nombre completo del titular<br \/>\n<span class=\"wpcf7-form-control-wrap\" data-name=\"nombre\"><input size=\"40\" maxlength=\"400\" class=\"wpcf7-form-control wpcf7-text wpcf7-validates-as-required\" aria-required=\"true\" aria-invalid=\"false\" placeholder=\"Juan P\u00e9rez\" value=\"\" type=\"text\" name=\"nombre\" \/><\/span> <\/label>\n<\/p>\n<p><label> C\u00e9dula de ciudadan\u00eda<br \/>\n<span class=\"wpcf7-form-control-wrap\" data-name=\"cedula\"><input size=\"40\" maxlength=\"400\" class=\"wpcf7-form-control wpcf7-text wpcf7-validates-as-required\" aria-required=\"true\" aria-invalid=\"false\" placeholder=\"123456789\" value=\"\" type=\"text\" name=\"cedula\" \/><\/span> <\/label>\n<\/p>\n<p><label> Correo electr\u00f3nico<br \/>\n<span class=\"wpcf7-form-control-wrap\" data-name=\"email\"><input size=\"40\" maxlength=\"400\" class=\"wpcf7-form-control wpcf7-email wpcf7-validates-as-required wpcf7-text wpcf7-validates-as-email\" aria-required=\"true\" aria-invalid=\"false\" placeholder=\"correo@correo.com\" value=\"\" type=\"email\" name=\"email\" \/><\/span><\/label>\n<\/p>\n<p><label>Proyecto<br \/>\n<span class=\"wpcf7-form-control-wrap\" data-name=\"proyecto\"><select class=\"wpcf7-form-control wpcf7-select wpcf7-validates-as-required\" aria-required=\"true\" aria-invalid=\"false\" name=\"proyecto\"><option value=\"Terrah\">Terrah<\/option><option value=\"Fika\">Fika<\/option><option value=\"Ciudad Bokor\u00e1\">Ciudad Bokor\u00e1<\/option><option value=\"Cerritos Home\">Cerritos Home<\/option><option value=\"Cerritos Mall\">Cerritos Mall<\/option><option value=\"Bot\u00e1niko\">Bot\u00e1niko<\/option><option value=\"Cormor\u00e1n\">Cormor\u00e1n<\/option><option value=\"Sideral\">Sideral<\/option><\/select><\/span><\/label>\n<\/p>\n<p><label>N\u00famero de inmueble<br \/>\n<span class=\"wpcf7-form-control-wrap\" data-name=\"torre-numero\"><input size=\"40\" maxlength=\"400\" class=\"wpcf7-form-control wpcf7-text wpcf7-validates-as-required\" aria-required=\"true\" aria-invalid=\"false\" placeholder=\"3-201\" value=\"\" type=\"text\" name=\"torre-numero\" \/><\/span> <\/label>\n<\/p>\n<div class=\"acceptance-soportes\">\n\t<p>Acepto la <a href=\"https:\/\/proyectosurbanos.com.co\/en\/site\/politica-de-datos\/\" target=\"_blank\">pol\u00edtica de datos<\/a>, el tratamiento de mis datos y ser contactado con la informaci\u00f3n que proporciono en este formulario *\n\t<\/p>\n<\/div>\n<p><input class=\"wpcf7-form-control wpcf7-submit has-spinner\" type=\"submit\" value=\"Enviar\" \/>\n<\/p><p style=\"display: none !important;\" class=\"akismet-fields-container\" data-prefix=\"_wpcf7_ak_\"><label>&#916;<textarea name=\"_wpcf7_ak_hp_textarea\" cols=\"45\" rows=\"8\" maxlength=\"100\"><\/textarea><\/label><input type=\"hidden\" id=\"ak_js_1\" name=\"_wpcf7_ak_js\" value=\"90\"\/><script>document.getElementById( \"ak_js_1\" ).setAttribute( \"value\", ( new Date() ).getTime() );<\/script><\/p><div class=\"wpcf7-response-output\" aria-hidden=\"true\"><\/div>\n<input type=\"hidden\" name=\"trp-form-language\" value=\"en\"\/><\/form>\n<\/div>\n\t\t\t\t<\/div>\n\t\t\t\t<\/div>\n\t\t\t\t<\/div>\n\t\t\t\t\t<\/div>\n\t\t\t\t<\/div>\n\t\t\t\t<\/div>","protected":false},"excerpt":{"rendered":"<p>Estado de Cuenta Nombre completo del titular C\u00e9dula de ciudadan\u00eda Correo electr\u00f3nico Proyecto SideralCiudad Bokora Torre y n\u00famero de inmueble. Acepto la pol\u00edtica de datos, el tratamiento de mis datos y ser contactado con la informaci\u00f3n que proporciono en este formulario * &#916;<\/p>","protected":false},"author":1,"featured_media":0,"parent":23025,"menu_order":0,"comment_status":"closed","ping_status":"closed","template":"","meta":{"pucrm_project_code":"","pucrm_tipo_vivienda":"","tipos_inmueble":[],"site-sidebar-layout":"no-sidebar","site-content-layout":"page-builder","ast-site-content-layout":"full-width-container","site-content-style":"unboxed","site-sidebar-style":"unboxed","ast-global-header-display":"","ast-banner-title-visibility":"","ast-main-header-display":"","ast-hfb-above-header-display":"","ast-hfb-below-header-display":"","ast-hfb-mobile-header-display":"","site-post-title":"disabled","ast-breadcrumbs-content":"","ast-featured-img":"disabled","footer-sml-layout":"","ast-disable-related-posts":"","theme-transparent-header-meta":"enabled","adv-header-id-meta":"","stick-header-meta":"","header-above-stick-meta":"","header-main-stick-meta":"","header-below-stick-meta":"","astra-migrate-meta-layouts":"set","ast-page-background-enabled":"default","ast-page-background-meta":{"desktop":{"background-color":"","background-image":"","background-repeat":"repeat","background-position":"center center","background-size":"auto","background-attachment":"scroll","background-type":"","background-media":"","overlay-type":"","overlay-color":"","overlay-opacity":"","overlay-gradient":""},"tablet":{"background-color":"","background-image":"","background-repeat":"repeat","background-position":"center center","background-size":"auto","background-attachment":"scroll","background-type":"","background-media":"","overlay-type":"","overlay-color":"","overlay-opacity":"","overlay-gradient":""},"mobile":{"background-color":"","background-image":"","background-repeat":"repeat","background-position":"center center","background-size":"auto","background-attachment":"scroll","background-type":"","background-media":"","overlay-type":"","overlay-color":"","overlay-opacity":"","overlay-gradient":""}},"ast-content-background-meta":{"desktop":{"background-color":"var(--ast-global-color-5)","background-image":"","background-repeat":"repeat","background-position":"center center","background-size":"auto","background-attachment":"scroll","background-type":"","background-media":"","overlay-type":"","overlay-color":"","overlay-opacity":"","overlay-gradient":""},"tablet":{"background-color":"var(--ast-global-color-5)","background-image":"","background-repeat":"repeat","background-position":"center center","background-size":"auto","background-attachment":"scroll","background-type":"","background-media":"","overlay-type":"","overlay-color":"","overlay-opacity":"","overlay-gradient":""},"mobile":{"background-color":"var(--ast-global-color-5)","background-image":"","background-repeat":"repeat","background-position":"center center","background-size":"auto","background-attachment":"scroll","background-type":"","background-media":"","overlay-type":"","overlay-color":"","overlay-opacity":"","overlay-gradient":""}},"footnotes":""},"class_list":["post-23539","page","type-page","status-publish","hentry"],"yoast_head":"<!-- This site is optimized with the Yoast SEO plugin v27.1.1 - https:\/\/yoast.com\/product\/yoast-seo-wordpress\/ -->\n<title>Estado de Cuenta - Proyectos Urbanos<\/title>\n<meta name=\"robots\" content=\"index, follow, max-snippet:-1, max-image-preview:large, max-video-preview:-1\" \/>\n<link rel=\"canonical\" href=\"https:\/\/proyectosurbanos.com.co\/en\/pagos-pse\/estado-de-cuenta\/\" \/>\n<meta property=\"og:locale\" content=\"en_US\" \/>\n<meta property=\"og:type\" content=\"article\" \/>\n<meta property=\"og:title\" content=\"Estado de Cuenta - Proyectos Urbanos\" \/>\n<meta property=\"og:description\" content=\"Estado de Cuenta Nombre completo del titular C\u00e9dula de ciudadan\u00eda Correo electr\u00f3nico Proyecto SideralCiudad Bokora Torre y n\u00famero de inmueble. Acepto la pol\u00edtica de datos, el tratamiento de mis datos y ser contactado con la informaci\u00f3n que proporciono en este formulario * &#916;\" \/>\n<meta property=\"og:url\" content=\"https:\/\/proyectosurbanos.com.co\/en\/pagos-pse\/estado-de-cuenta\/\" \/>\n<meta property=\"og:site_name\" content=\"Proyectos Urbanos\" \/>\n<meta property=\"article:publisher\" content=\"https:\/\/www.facebook.com\/proyectosurbanosc\/\" \/>\n<meta property=\"article:modified_time\" content=\"2026-02-25T21:12:31+00:00\" \/>\n<meta name=\"twitter:card\" content=\"summary_large_image\" \/>\n<meta name=\"twitter:label1\" content=\"Est. reading time\" \/>\n\t<meta name=\"twitter:data1\" content=\"1 minute\" \/>\n<script type=\"application\/ld+json\" class=\"yoast-schema-graph\">{\"@context\":\"https:\/\/schema.org\",\"@graph\":[{\"@type\":\"WebPage\",\"@id\":\"https:\/\/proyectosurbanos.com.co\/pagos-pse\/estado-de-cuenta\/\",\"url\":\"https:\/\/proyectosurbanos.com.co\/pagos-pse\/estado-de-cuenta\/\",\"name\":\"Estado de Cuenta - Proyectos Urbanos\",\"isPartOf\":{\"@id\":\"https:\/\/proyectosurbanos.com.co\/#website\"},\"datePublished\":\"2026-02-25T20:52:27+00:00\",\"dateModified\":\"2026-02-25T21:12:31+00:00\",\"breadcrumb\":{\"@id\":\"https:\/\/proyectosurbanos.com.co\/pagos-pse\/estado-de-cuenta\/#breadcrumb\"},\"inLanguage\":\"en-US\",\"potentialAction\":[{\"@type\":\"ReadAction\",\"target\":[\"https:\/\/proyectosurbanos.com.co\/pagos-pse\/estado-de-cuenta\/\"]}]},{\"@type\":\"BreadcrumbList\",\"@id\":\"https:\/\/proyectosurbanos.com.co\/pagos-pse\/estado-de-cuenta\/#breadcrumb\",\"itemListElement\":[{\"@type\":\"ListItem\",\"position\":1,\"name\":\"Portada\",\"item\":\"https:\/\/proyectosurbanos.com.co\/\"},{\"@type\":\"ListItem\",\"position\":2,\"name\":\"Pagos PSE\",\"item\":\"https:\/\/proyectosurbanos.com.co\/pagos-pse\/\"},{\"@type\":\"ListItem\",\"position\":3,\"name\":\"Estado de Cuenta\"}]},{\"@type\":\"WebSite\",\"@id\":\"https:\/\/proyectosurbanos.com.co\/#website\",\"url\":\"https:\/\/proyectosurbanos.com.co\/\",\"name\":\"Proyectos Urbanos\",\"description\":\"Proyectos Urbanos\",\"publisher\":{\"@id\":\"https:\/\/proyectosurbanos.com.co\/#organization\"},\"potentialAction\":[{\"@type\":\"SearchAction\",\"target\":{\"@type\":\"EntryPoint\",\"urlTemplate\":\"https:\/\/proyectosurbanos.com.co\/?s={search_term_string}\"},\"query-input\":{\"@type\":\"PropertyValueSpecification\",\"valueRequired\":true,\"valueName\":\"search_term_string\"}}],\"inLanguage\":\"en-US\"},{\"@type\":\"Organization\",\"@id\":\"https:\/\/proyectosurbanos.com.co\/#organization\",\"name\":\"Proyectos Urbanos\",\"url\":\"https:\/\/proyectosurbanos.com.co\/\",\"logo\":{\"@type\":\"ImageObject\",\"inLanguage\":\"en-US\",\"@id\":\"https:\/\/proyectosurbanos.com.co\/#\/schema\/logo\/image\/\",\"url\":\"https:\/\/proyectosurbanos.com.co\/wp-content\/uploads\/2022\/12\/Logo-PU-2022-color.png\",\"contentUrl\":\"https:\/\/proyectosurbanos.com.co\/wp-content\/uploads\/2022\/12\/Logo-PU-2022-color.png\",\"width\":1229,\"height\":502,\"caption\":\"Proyectos Urbanos\"},\"image\":{\"@id\":\"https:\/\/proyectosurbanos.com.co\/#\/schema\/logo\/image\/\"},\"sameAs\":[\"https:\/\/www.facebook.com\/proyectosurbanosc\/\",\"https:\/\/www.youtube.com\/channel\/UCI3qQ5VKUYv4JsaIKg4d3bw\",\"https:\/\/www.tiktok.com\/@proyectosurbanosc\",\"https:\/\/www.instagram.com\/proyectosurbanosc\/?hl=es-la\"]}]}<\/script>\n<!-- \/ Yoast SEO plugin. -->","yoast_head_json":{"title":"Estado de Cuenta - Proyectos Urbanos","robots":{"index":"index","follow":"follow","max-snippet":"max-snippet:-1","max-image-preview":"max-image-preview:large","max-video-preview":"max-video-preview:-1"},"canonical":"https:\/\/proyectosurbanos.com.co\/en\/pagos-pse\/estado-de-cuenta\/","og_locale":"en_US","og_type":"article","og_title":"Estado de Cuenta - Proyectos Urbanos","og_description":"Estado de Cuenta Nombre completo del titular C\u00e9dula de ciudadan\u00eda Correo electr\u00f3nico Proyecto SideralCiudad Bokora Torre y n\u00famero de inmueble. Acepto la pol\u00edtica de datos, el tratamiento de mis datos y ser contactado con la informaci\u00f3n que proporciono en este formulario * &#916;","og_url":"https:\/\/proyectosurbanos.com.co\/en\/pagos-pse\/estado-de-cuenta\/","og_site_name":"Proyectos Urbanos","article_publisher":"https:\/\/www.facebook.com\/proyectosurbanosc\/","article_modified_time":"2026-02-25T21:12:31+00:00","twitter_card":"summary_large_image","twitter_misc":{"Est. reading time":"1 minute"},"schema":{"@context":"https:\/\/schema.org","@graph":[{"@type":"WebPage","@id":"https:\/\/proyectosurbanos.com.co\/pagos-pse\/estado-de-cuenta\/","url":"https:\/\/proyectosurbanos.com.co\/pagos-pse\/estado-de-cuenta\/","name":"Estado de Cuenta - Proyectos Urbanos","isPartOf":{"@id":"https:\/\/proyectosurbanos.com.co\/#website"},"datePublished":"2026-02-25T20:52:27+00:00","dateModified":"2026-02-25T21:12:31+00:00","breadcrumb":{"@id":"https:\/\/proyectosurbanos.com.co\/pagos-pse\/estado-de-cuenta\/#breadcrumb"},"inLanguage":"en-US","potentialAction":[{"@type":"ReadAction","target":["https:\/\/proyectosurbanos.com.co\/pagos-pse\/estado-de-cuenta\/"]}]},{"@type":"BreadcrumbList","@id":"https:\/\/proyectosurbanos.com.co\/pagos-pse\/estado-de-cuenta\/#breadcrumb","itemListElement":[{"@type":"ListItem","position":1,"name":"Portada","item":"https:\/\/proyectosurbanos.com.co\/"},{"@type":"ListItem","position":2,"name":"Pagos PSE","item":"https:\/\/proyectosurbanos.com.co\/pagos-pse\/"},{"@type":"ListItem","position":3,"name":"Estado de Cuenta"}]},{"@type":"WebSite","@id":"https:\/\/proyectosurbanos.com.co\/#website","url":"https:\/\/proyectosurbanos.com.co\/","name":"Proyectos Urbanos","description":"Proyectos Urbanos","publisher":{"@id":"https:\/\/proyectosurbanos.com.co\/#organization"},"potentialAction":[{"@type":"SearchAction","target":{"@type":"EntryPoint","urlTemplate":"https:\/\/proyectosurbanos.com.co\/?s={search_term_string}"},"query-input":{"@type":"PropertyValueSpecification","valueRequired":true,"valueName":"search_term_string"}}],"inLanguage":"en-US"},{"@type":"Organization","@id":"https:\/\/proyectosurbanos.com.co\/#organization","name":"Proyectos Urbanos","url":"https:\/\/proyectosurbanos.com.co\/","logo":{"@type":"ImageObject","inLanguage":"en-US","@id":"https:\/\/proyectosurbanos.com.co\/#\/schema\/logo\/image\/","url":"https:\/\/proyectosurbanos.com.co\/wp-content\/uploads\/2022\/12\/Logo-PU-2022-color.png","contentUrl":"https:\/\/proyectosurbanos.com.co\/wp-content\/uploads\/2022\/12\/Logo-PU-2022-color.png","width":1229,"height":502,"caption":"Proyectos Urbanos"},"image":{"@id":"https:\/\/proyectosurbanos.com.co\/#\/schema\/logo\/image\/"},"sameAs":["https:\/\/www.facebook.com\/proyectosurbanosc\/","https:\/\/www.youtube.com\/channel\/UCI3qQ5VKUYv4JsaIKg4d3bw","https:\/\/www.tiktok.com\/@proyectosurbanosc","https:\/\/www.instagram.com\/proyectosurbanosc\/?hl=es-la"]}]}},"_links":{"self":[{"href":"https:\/\/proyectosurbanos.com.co\/en\/wp-json\/wp\/v2\/pages\/23539","targetHints":{"allow":["GET"]}}],"collection":[{"href":"https:\/\/proyectosurbanos.com.co\/en\/wp-json\/wp\/v2\/pages"}],"about":[{"href":"https:\/\/proyectosurbanos.com.co\/en\/wp-json\/wp\/v2\/types\/page"}],"author":[{"embeddable":true,"href":"https:\/\/proyectosurbanos.com.co\/en\/wp-json\/wp\/v2\/users\/1"}],"replies":[{"embeddable":true,"href":"https:\/\/proyectosurbanos.com.co\/en\/wp-json\/wp\/v2\/comments?post=23539"}],"version-history":[{"count":10,"href":"https:\/\/proyectosurbanos.com.co\/en\/wp-json\/wp\/v2\/pages\/23539\/revisions"}],"predecessor-version":[{"id":23575,"href":"https:\/\/proyectosurbanos.com.co\/en\/wp-json\/wp\/v2\/pages\/23539\/revisions\/23575"}],"up":[{"embeddable":true,"href":"https:\/\/proyectosurbanos.com.co\/en\/wp-json\/wp\/v2\/pages\/23025"}],"wp:attachment":[{"href":"https:\/\/proyectosurbanos.com.co\/en\/wp-json\/wp\/v2\/media?parent=23539"}],"curies":[{"name":"wp","href":"https:\/\/api.w.org\/{rel}","templated":true}]}}