{"id":13279,"date":"2023-03-27T11:22:33","date_gmt":"2023-03-27T16:22:33","guid":{"rendered":"https:\/\/proyectosurbanos.com.co\/?page_id=13279"},"modified":"2025-09-18T14:46:28","modified_gmt":"2025-09-18T19:46:28","slug":"politica-de-datos","status":"publish","type":"page","link":"https:\/\/proyectosurbanos.com.co\/en\/politica-de-datos\/","title":{"rendered":"Pol\u00edtica de Datos"},"content":{"rendered":"<style>.elementor-13279 .elementor-element.elementor-element-79e73b9:not(.elementor-motion-effects-element-type-background), .elementor-13279 .elementor-element.elementor-element-79e73b9 > .elementor-motion-effects-container > .elementor-motion-effects-layer{background-image:url(\"https:\/\/proyectosurbanos.com.co\/wp-content\/uploads\/2023\/08\/bg__politica-de-datos.png\");background-position:center center;background-repeat:no-repeat;background-size:cover;}.elementor-13279 .elementor-element.elementor-element-79e73b9 > .elementor-background-overlay{background-color:#000000;opacity:0.7;transition:background 0.3s, border-radius 0.3s, opacity 0.3s;}.elementor-13279 .elementor-element.elementor-element-79e73b9 > .elementor-container{min-height:350px;}.elementor-13279 .elementor-element.elementor-element-79e73b9{transition:background 0.3s, border 0.3s, border-radius 0.3s, box-shadow 0.3s;padding:120px 0px 0px 0px;}.elementor-13279 .elementor-element.elementor-element-f6d39aa{text-align:center;}.elementor-13279 .elementor-element.elementor-element-f6d39aa .elementor-heading-title{font-size:75px;line-height:1.1em;text-shadow:0px 0px 10px rgba(0,0,0,0.3);color:#FFFFFF;}.elementor-13279 .elementor-element.elementor-element-a566ce7 .elementor-button{box-shadow:0px 0px 10px 0px rgba(0,0,0,0.5);}.elementor-13279 .elementor-element.elementor-element-f26292f{padding:60px 0px 60px 0px;}@media(max-width:768px){.elementor-13279 .elementor-element.elementor-element-79e73b9 > .elementor-container{min-height:120px;}.elementor-13279 .elementor-element.elementor-element-79e73b9{margin-top:0px;margin-bottom:0px;padding:140px 0px 50px 0px;}.elementor-13279 .elementor-element.elementor-element-f6d39aa .elementor-heading-title{font-size:35px;}}<\/style>\t\t<div data-elementor-type=\"wp-post\" data-elementor-id=\"13279\" class=\"elementor elementor-13279\" data-elementor-settings=\"{&quot;ha_cmc_init_switcher&quot;:&quot;no&quot;}\" data-elementor-post-type=\"page\">\n\t\t\t\t\t\t<section class=\"elementor-section elementor-top-section elementor-element elementor-element-79e73b9 elementor-section-height-min-height elementor-section-boxed elementor-section-height-default elementor-section-items-middle\" data-id=\"79e73b9\" data-element_type=\"section\" data-settings=\"{&quot;background_background&quot;:&quot;classic&quot;,&quot;_ha_eqh_enable&quot;:false}\">\n\t\t\t\t\t\t\t<div class=\"elementor-background-overlay\"><\/div>\n\t\t\t\t\t\t\t<div class=\"elementor-container elementor-column-gap-default\">\n\t\t\t\t\t<div class=\"elementor-column elementor-col-100 elementor-top-column elementor-element elementor-element-00d36cc\" data-id=\"00d36cc\" data-element_type=\"column\">\n\t\t\t<div class=\"elementor-widget-wrap elementor-element-populated\">\n\t\t\t\t\t\t<div class=\"elementor-element elementor-element-f6d39aa elementor-widget elementor-widget-heading\" data-id=\"f6d39aa\" data-element_type=\"widget\" data-widget_type=\"heading.default\">\n\t\t\t\t<div class=\"elementor-widget-container\">\n\t\t\t\t\t<h1 class=\"elementor-heading-title elementor-size-default\">Pol\u00edtica de Datos<\/h1>\t\t\t\t<\/div>\n\t\t\t\t<\/div>\n\t\t\t\t<div class=\"elementor-element elementor-element-a566ce7 elementor-align-center elementor-widget elementor-widget-button\" data-id=\"a566ce7\" data-element_type=\"widget\" data-widget_type=\"button.default\">\n\t\t\t\t<div class=\"elementor-widget-container\">\n\t\t\t\t\t\t\t\t\t<div class=\"elementor-button-wrapper\">\n\t\t\t\t\t<a class=\"elementor-button elementor-button-link elementor-size-sm\" href=\"https:\/\/proyectosurbanos.com.co\/wp-content\/uploads\/2025\/09\/POLITICA-TRATAMIENTO-DATOS-PERSONALES-PROYECTOS-URBANOS-2025.pdf\" target=\"_blank\" rel=\"nofollow\">\n\t\t\t\t\t\t<span class=\"elementor-button-content-wrapper\">\n\t\t\t\t\t\t\t\t\t<span class=\"elementor-button-text\">Descargar Pol\u00edtica de Datos<\/span>\n\t\t\t\t\t<\/span>\n\t\t\t\t\t<\/a>\n\t\t\t\t<\/div>\n\t\t\t\t\t\t\t\t<\/div>\n\t\t\t\t<\/div>\n\t\t\t\t\t<\/div>\n\t\t<\/div>\n\t\t\t\t\t<\/div>\n\t\t<\/section>\n\t\t\t\t<section class=\"elementor-section elementor-top-section elementor-element elementor-element-f26292f elementor-section-boxed elementor-section-height-default elementor-section-height-default\" data-id=\"f26292f\" data-element_type=\"section\" data-settings=\"{&quot;_ha_eqh_enable&quot;:false}\">\n\t\t\t\t\t\t<div class=\"elementor-container elementor-column-gap-default\">\n\t\t\t\t\t<div class=\"elementor-column elementor-col-100 elementor-top-column elementor-element elementor-element-f51a3c6\" data-id=\"f51a3c6\" data-element_type=\"column\">\n\t\t\t<div class=\"elementor-widget-wrap elementor-element-populated\">\n\t\t\t\t\t\t<div class=\"elementor-element elementor-element-11253da elementor-widget elementor-widget-html\" data-id=\"11253da\" data-element_type=\"widget\" data-widget_type=\"html.default\">\n\t\t\t\t<div class=\"elementor-widget-container\">\n\t\t\t\t\t<embed src=\"https:\/\/proyectosurbanos.com.co\/wp-content\/uploads\/2025\/09\/POLITICA-TRATAMIENTO-DATOS-PERSONALES-PROYECTOS-URBANOS-2025.pdf\" height=\"600\">\t\t\t\t<\/div>\n\t\t\t\t<\/div>\n\t\t\t\t\t<\/div>\n\t\t<\/div>\n\t\t\t\t\t<\/div>\n\t\t<\/section>\n\t\t\t\t<\/div>","protected":false},"excerpt":{"rendered":"<p>Pol\u00edtica de Datos Descargar Pol\u00edtica de Datos<\/p>","protected":false},"author":1,"featured_media":0,"parent":0,"menu_order":0,"comment_status":"closed","ping_status":"closed","template":"","meta":{"pucrm_project_code":"","pucrm_tipo_vivienda":"","tipos_inmueble":[],"site-sidebar-layout":"no-sidebar","site-content-layout":"page-builder","ast-site-content-layout":"full-width-container","site-content-style":"unboxed","site-sidebar-style":"unboxed","ast-global-header-display":"","ast-banner-title-visibility":"","ast-main-header-display":"","ast-hfb-above-header-display":"","ast-hfb-below-header-display":"","ast-hfb-mobile-header-display":"","site-post-title":"disabled","ast-breadcrumbs-content":"disabled","ast-featured-img":"disabled","footer-sml-layout":"","ast-disable-related-posts":"","theme-transparent-header-meta":"enabled","adv-header-id-meta":"","stick-header-meta":"","header-above-stick-meta":"","header-main-stick-meta":"","header-below-stick-meta":"","astra-migrate-meta-layouts":"set","ast-page-background-enabled":"default","ast-page-background-meta":{"desktop":{"background-color":"","background-image":"","background-repeat":"repeat","background-position":"center center","background-size":"auto","background-attachment":"scroll","background-type":"","background-media":"","overlay-type":"","overlay-color":"","overlay-opacity":"","overlay-gradient":""},"tablet":{"background-color":"","background-image":"","background-repeat":"repeat","background-position":"center center","background-size":"auto","background-attachment":"scroll","background-type":"","background-media":"","overlay-type":"","overlay-color":"","overlay-opacity":"","overlay-gradient":""},"mobile":{"background-color":"","background-image":"","background-repeat":"repeat","background-position":"center center","background-size":"auto","background-attachment":"scroll","background-type":"","background-media":"","overlay-type":"","overlay-color":"","overlay-opacity":"","overlay-gradient":""}},"ast-content-background-meta":{"desktop":{"background-color":"var(--ast-global-color-5)","background-image":"","background-repeat":"repeat","background-position":"center center","background-size":"auto","background-attachment":"scroll","background-type":"","background-media":"","overlay-type":"","overlay-color":"","overlay-opacity":"","overlay-gradient":""},"tablet":{"background-color":"var(--ast-global-color-5)","background-image":"","background-repeat":"repeat","background-position":"center center","background-size":"auto","background-attachment":"scroll","background-type":"","background-media":"","overlay-type":"","overlay-color":"","overlay-opacity":"","overlay-gradient":""},"mobile":{"background-color":"var(--ast-global-color-5)","background-image":"","background-repeat":"repeat","background-position":"center center","background-size":"auto","background-attachment":"scroll","background-type":"","background-media":"","overlay-type":"","overlay-color":"","overlay-opacity":"","overlay-gradient":""}},"footnotes":""},"class_list":["post-13279","page","type-page","status-publish","hentry"],"yoast_head":"<!-- This site is optimized with the Yoast SEO plugin v27.1.1 - https:\/\/yoast.com\/product\/yoast-seo-wordpress\/ -->\n<title>Pol\u00edtica de Datos - Proyectos Urbanos<\/title>\n<meta name=\"robots\" content=\"noindex, nofollow\" \/>\n<meta property=\"og:locale\" content=\"en_US\" \/>\n<meta property=\"og:type\" content=\"article\" \/>\n<meta property=\"og:title\" content=\"Pol\u00edtica de Datos - Proyectos Urbanos\" \/>\n<meta property=\"og:description\" content=\"Pol\u00edtica de Datos Descargar Pol\u00edtica de Datos\" \/>\n<meta property=\"og:url\" content=\"https:\/\/proyectosurbanos.com.co\/en\/politica-de-datos\/\" \/>\n<meta property=\"og:site_name\" content=\"Proyectos Urbanos\" \/>\n<meta property=\"article:publisher\" content=\"https:\/\/www.facebook.com\/proyectosurbanosc\/\" \/>\n<meta property=\"article:modified_time\" content=\"2025-09-18T19:46:28+00:00\" \/>\n<meta name=\"twitter:card\" content=\"summary_large_image\" \/>\n<meta name=\"twitter:label1\" content=\"Est. reading time\" \/>\n\t<meta name=\"twitter:data1\" content=\"1 minute\" \/>\n<script type=\"application\/ld+json\" class=\"yoast-schema-graph\">{\"@context\":\"https:\/\/schema.org\",\"@graph\":[{\"@type\":\"WebPage\",\"@id\":\"https:\/\/proyectosurbanos.com.co\/politica-de-datos\/\",\"url\":\"https:\/\/proyectosurbanos.com.co\/politica-de-datos\/\",\"name\":\"Pol\u00edtica de Datos - Proyectos Urbanos\",\"isPartOf\":{\"@id\":\"https:\/\/proyectosurbanos.com.co\/#website\"},\"datePublished\":\"2023-03-27T16:22:33+00:00\",\"dateModified\":\"2025-09-18T19:46:28+00:00\",\"breadcrumb\":{\"@id\":\"https:\/\/proyectosurbanos.com.co\/politica-de-datos\/#breadcrumb\"},\"inLanguage\":\"en-US\",\"potentialAction\":[{\"@type\":\"ReadAction\",\"target\":[\"https:\/\/proyectosurbanos.com.co\/politica-de-datos\/\"]}]},{\"@type\":\"BreadcrumbList\",\"@id\":\"https:\/\/proyectosurbanos.com.co\/politica-de-datos\/#breadcrumb\",\"itemListElement\":[{\"@type\":\"ListItem\",\"position\":1,\"name\":\"Portada\",\"item\":\"https:\/\/proyectosurbanos.com.co\/\"},{\"@type\":\"ListItem\",\"position\":2,\"name\":\"Pol\u00edtica de Datos\"}]},{\"@type\":\"WebSite\",\"@id\":\"https:\/\/proyectosurbanos.com.co\/#website\",\"url\":\"https:\/\/proyectosurbanos.com.co\/\",\"name\":\"Proyectos Urbanos\",\"description\":\"Proyectos Urbanos\",\"publisher\":{\"@id\":\"https:\/\/proyectosurbanos.com.co\/#organization\"},\"potentialAction\":[{\"@type\":\"SearchAction\",\"target\":{\"@type\":\"EntryPoint\",\"urlTemplate\":\"https:\/\/proyectosurbanos.com.co\/?s={search_term_string}\"},\"query-input\":{\"@type\":\"PropertyValueSpecification\",\"valueRequired\":true,\"valueName\":\"search_term_string\"}}],\"inLanguage\":\"en-US\"},{\"@type\":\"Organization\",\"@id\":\"https:\/\/proyectosurbanos.com.co\/#organization\",\"name\":\"Proyectos Urbanos\",\"url\":\"https:\/\/proyectosurbanos.com.co\/\",\"logo\":{\"@type\":\"ImageObject\",\"inLanguage\":\"en-US\",\"@id\":\"https:\/\/proyectosurbanos.com.co\/#\/schema\/logo\/image\/\",\"url\":\"https:\/\/proyectosurbanos.com.co\/wp-content\/uploads\/2022\/12\/Logo-PU-2022-color.png\",\"contentUrl\":\"https:\/\/proyectosurbanos.com.co\/wp-content\/uploads\/2022\/12\/Logo-PU-2022-color.png\",\"width\":1229,\"height\":502,\"caption\":\"Proyectos Urbanos\"},\"image\":{\"@id\":\"https:\/\/proyectosurbanos.com.co\/#\/schema\/logo\/image\/\"},\"sameAs\":[\"https:\/\/www.facebook.com\/proyectosurbanosc\/\",\"https:\/\/www.youtube.com\/channel\/UCI3qQ5VKUYv4JsaIKg4d3bw\",\"https:\/\/www.tiktok.com\/@proyectosurbanosc\",\"https:\/\/www.instagram.com\/proyectosurbanosc\/?hl=es-la\"]}]}<\/script>\n<!-- \/ Yoast SEO plugin. -->","yoast_head_json":{"title":"Pol\u00edtica de Datos - Proyectos Urbanos","robots":{"index":"noindex","follow":"nofollow"},"og_locale":"en_US","og_type":"article","og_title":"Pol\u00edtica de Datos - Proyectos Urbanos","og_description":"Pol\u00edtica de Datos Descargar Pol\u00edtica de Datos","og_url":"https:\/\/proyectosurbanos.com.co\/en\/politica-de-datos\/","og_site_name":"Proyectos Urbanos","article_publisher":"https:\/\/www.facebook.com\/proyectosurbanosc\/","article_modified_time":"2025-09-18T19:46:28+00:00","twitter_card":"summary_large_image","twitter_misc":{"Est. reading time":"1 minute"},"schema":{"@context":"https:\/\/schema.org","@graph":[{"@type":"WebPage","@id":"https:\/\/proyectosurbanos.com.co\/politica-de-datos\/","url":"https:\/\/proyectosurbanos.com.co\/politica-de-datos\/","name":"Pol\u00edtica de Datos - Proyectos Urbanos","isPartOf":{"@id":"https:\/\/proyectosurbanos.com.co\/#website"},"datePublished":"2023-03-27T16:22:33+00:00","dateModified":"2025-09-18T19:46:28+00:00","breadcrumb":{"@id":"https:\/\/proyectosurbanos.com.co\/politica-de-datos\/#breadcrumb"},"inLanguage":"en-US","potentialAction":[{"@type":"ReadAction","target":["https:\/\/proyectosurbanos.com.co\/politica-de-datos\/"]}]},{"@type":"BreadcrumbList","@id":"https:\/\/proyectosurbanos.com.co\/politica-de-datos\/#breadcrumb","itemListElement":[{"@type":"ListItem","position":1,"name":"Portada","item":"https:\/\/proyectosurbanos.com.co\/"},{"@type":"ListItem","position":2,"name":"Pol\u00edtica de Datos"}]},{"@type":"WebSite","@id":"https:\/\/proyectosurbanos.com.co\/#website","url":"https:\/\/proyectosurbanos.com.co\/","name":"Proyectos Urbanos","description":"Proyectos Urbanos","publisher":{"@id":"https:\/\/proyectosurbanos.com.co\/#organization"},"potentialAction":[{"@type":"SearchAction","target":{"@type":"EntryPoint","urlTemplate":"https:\/\/proyectosurbanos.com.co\/?s={search_term_string}"},"query-input":{"@type":"PropertyValueSpecification","valueRequired":true,"valueName":"search_term_string"}}],"inLanguage":"en-US"},{"@type":"Organization","@id":"https:\/\/proyectosurbanos.com.co\/#organization","name":"Proyectos Urbanos","url":"https:\/\/proyectosurbanos.com.co\/","logo":{"@type":"ImageObject","inLanguage":"en-US","@id":"https:\/\/proyectosurbanos.com.co\/#\/schema\/logo\/image\/","url":"https:\/\/proyectosurbanos.com.co\/wp-content\/uploads\/2022\/12\/Logo-PU-2022-color.png","contentUrl":"https:\/\/proyectosurbanos.com.co\/wp-content\/uploads\/2022\/12\/Logo-PU-2022-color.png","width":1229,"height":502,"caption":"Proyectos Urbanos"},"image":{"@id":"https:\/\/proyectosurbanos.com.co\/#\/schema\/logo\/image\/"},"sameAs":["https:\/\/www.facebook.com\/proyectosurbanosc\/","https:\/\/www.youtube.com\/channel\/UCI3qQ5VKUYv4JsaIKg4d3bw","https:\/\/www.tiktok.com\/@proyectosurbanosc","https:\/\/www.instagram.com\/proyectosurbanosc\/?hl=es-la"]}]}},"_links":{"self":[{"href":"https:\/\/proyectosurbanos.com.co\/en\/wp-json\/wp\/v2\/pages\/13279","targetHints":{"allow":["GET"]}}],"collection":[{"href":"https:\/\/proyectosurbanos.com.co\/en\/wp-json\/wp\/v2\/pages"}],"about":[{"href":"https:\/\/proyectosurbanos.com.co\/en\/wp-json\/wp\/v2\/types\/page"}],"author":[{"embeddable":true,"href":"https:\/\/proyectosurbanos.com.co\/en\/wp-json\/wp\/v2\/users\/1"}],"replies":[{"embeddable":true,"href":"https:\/\/proyectosurbanos.com.co\/en\/wp-json\/wp\/v2\/comments?post=13279"}],"version-history":[{"count":37,"href":"https:\/\/proyectosurbanos.com.co\/en\/wp-json\/wp\/v2\/pages\/13279\/revisions"}],"predecessor-version":[{"id":21717,"href":"https:\/\/proyectosurbanos.com.co\/en\/wp-json\/wp\/v2\/pages\/13279\/revisions\/21717"}],"wp:attachment":[{"href":"https:\/\/proyectosurbanos.com.co\/en\/wp-json\/wp\/v2\/media?parent=13279"}],"curies":[{"name":"wp","href":"https:\/\/api.w.org\/{rel}","templated":true}]}}