{"id":11994,"date":"2022-09-13T08:55:25","date_gmt":"2022-09-13T13:55:25","guid":{"rendered":"https:\/\/proyectosurbanos.com.co\/?page_id=11994"},"modified":"2024-07-15T16:23:15","modified_gmt":"2024-07-15T21:23:15","slug":"portal","status":"publish","type":"page","link":"https:\/\/proyectosurbanos.com.co\/en\/portal\/","title":{"rendered":"Portal del Cliente"},"content":{"rendered":"<style>.elementor-11994 .elementor-element.elementor-element-78d442b:not(.elementor-motion-effects-element-type-background), .elementor-11994 .elementor-element.elementor-element-78d442b > .elementor-motion-effects-container > .elementor-motion-effects-layer{background-color:#FFFFFF00;background-image:url(\"https:\/\/proyectosurbanos.com.co\/wp-content\/uploads\/2024\/01\/fondo-campana-portal-min.png\");background-position:center center;background-repeat:no-repeat;background-size:cover;}.elementor-11994 .elementor-element.elementor-element-78d442b > .elementor-background-overlay{background-color:transparent;background-image:linear-gradient(0deg, #00000000 40%, #000000 85%);opacity:1;transition:background 0.3s, border-radius 0.3s, opacity 0.3s;}.elementor-11994 .elementor-element.elementor-element-78d442b > .elementor-container{min-height:568px;}.elementor-11994 .elementor-element.elementor-element-78d442b .elementor-background-overlay{filter:brightness( 71% ) contrast( 100% ) saturate( 154% ) blur( 0px ) hue-rotate( 0deg );}.elementor-11994 .elementor-element.elementor-element-78d442b{transition:background 0.3s, border 0.3s, border-radius 0.3s, box-shadow 0.3s;margin-top:-103px;margin-bottom:0px;}.elementor-11994 .elementor-element.elementor-element-6be573c > .elementor-widget-container{margin:0px 0px 51px 0px;}.elementor-11994 .elementor-element.elementor-element-6be573c img{width:46%;}.elementor-11994 .elementor-element.elementor-element-828256a > .elementor-widget-container{margin:0px 0px 56px 0px;}.elementor-11994 .elementor-element.elementor-element-828256a .elementor-heading-title{color:#FFFFFF;}.elementor-11994 .elementor-element.elementor-element-b0d1441{margin-top:66px;margin-bottom:66px;}.elementor-11994 .elementor-element.elementor-element-2a53da4 > .elementor-element-populated{padding:84px 0px 0px 0px;}.elementor-11994 .elementor-element.elementor-element-c74dd7f > .elementor-widget-container{margin:0px 0px 0px 0px;}.elementor-11994 .elementor-element.elementor-element-c74dd7f .elementor-button{font-size:20px;font-weight:bold;border-style:solid;border-width:1px 1px 1px 1px;}.elementor-11994 .elementor-element.elementor-element-c74dd7f .elementor-button:hover, .elementor-11994 .elementor-element.elementor-element-c74dd7f .elementor-button:focus{border-color:var( --e-global-color-c4712a2 );}.elementor-11994 .elementor-element.elementor-element-4c8fd31 .elementor-button{background-color:var( --e-global-color-text );font-size:25px;font-weight:bold;letter-spacing:-0.7px;word-spacing:0px;border-style:solid;border-width:1px 1px 1px 1px;}.elementor-11994 .elementor-element.elementor-element-4c8fd31 .elementor-button:hover, .elementor-11994 .elementor-element.elementor-element-4c8fd31 .elementor-button:focus{background-color:#FFFFFF;border-color:var( --e-global-color-c4712a2 );}.elementor-11994 .elementor-element.elementor-element-4c8fd31 > .elementor-widget-container{margin:0px 0px 0px 0px;}.elementor-11994 .elementor-element.elementor-element-d803b9c .elementor-wrapper{--video-aspect-ratio:1;}@media(max-width:768px){.elementor-11994 .elementor-element.elementor-element-78d442b:not(.elementor-motion-effects-element-type-background), .elementor-11994 .elementor-element.elementor-element-78d442b > .elementor-motion-effects-container > .elementor-motion-effects-layer{background-image:url(\"https:\/\/proyectosurbanos.com.co\/wp-content\/uploads\/2024\/01\/fondo-campana-portal-min.png\");background-position:center center;background-repeat:no-repeat;background-size:cover;}.elementor-11994 .elementor-element.elementor-element-78d442b > .elementor-container{min-height:451px;}.elementor-11994 .elementor-element.elementor-element-78d442b{margin-top:-165px;margin-bottom:0px;padding:0px 0px 0px 0px;}.elementor-11994 .elementor-element.elementor-element-828256a{text-align:center;}.elementor-11994 .elementor-element.elementor-element-828256a .elementor-heading-title{font-size:29px;}.elementor-11994 .elementor-element.elementor-element-b0d1441{margin-top:0px;margin-bottom:0px;}.elementor-11994 .elementor-element.elementor-element-f6aa515 > .elementor-widget-container{padding:0px 41px 0px 41px;}.elementor-11994 .elementor-element.elementor-element-f6aa515{text-align:center;}}<\/style>\t\t<div data-elementor-type=\"wp-post\" data-elementor-id=\"11994\" class=\"elementor elementor-11994\" data-elementor-settings=\"{&quot;ha_cmc_init_switcher&quot;:&quot;no&quot;}\" data-elementor-post-type=\"page\">\n\t\t\t\t\t\t<section class=\"elementor-section elementor-top-section elementor-element elementor-element-78d442b elementor-section-full_width elementor-section-items-bottom elementor-section-height-min-height elementor-section-stretched elementor-section-height-default\" data-id=\"78d442b\" data-element_type=\"section\" data-settings=\"{&quot;stretch_section&quot;:&quot;section-stretched&quot;,&quot;background_background&quot;:&quot;classic&quot;,&quot;_ha_eqh_enable&quot;:false}\">\n\t\t\t\t\t\t\t<div class=\"elementor-background-overlay\"><\/div>\n\t\t\t\t\t\t\t<div class=\"elementor-container elementor-column-gap-no\">\n\t\t\t\t\t<div class=\"elementor-column elementor-col-50 elementor-top-column elementor-element elementor-element-5a9135b\" data-id=\"5a9135b\" data-element_type=\"column\">\n\t\t\t<div class=\"elementor-widget-wrap elementor-element-populated\">\n\t\t\t\t\t\t<div class=\"elementor-element elementor-element-6be573c elementor-hidden-mobile elementor-widget elementor-widget-image\" data-id=\"6be573c\" data-element_type=\"widget\" data-widget_type=\"image.default\">\n\t\t\t\t<div class=\"elementor-widget-container\">\n\t\t\t\t\t\t\t\t\t\t\t\t\t\t\t<img fetchpriority=\"high\" decoding=\"async\" width=\"420\" height=\"222\" src=\"https:\/\/proyectosurbanos.com.co\/wp-content\/uploads\/2024\/01\/copy-portal.png\" class=\"attachment-large size-large wp-image-16382\" alt=\"\" srcset=\"https:\/\/proyectosurbanos.com.co\/wp-content\/uploads\/2024\/01\/copy-portal.png 420w, https:\/\/proyectosurbanos.com.co\/wp-content\/uploads\/2024\/01\/copy-portal-300x159.png 300w\" sizes=\"(max-width: 420px) 100vw, 420px\" \/>\t\t\t\t\t\t\t\t\t\t\t\t\t\t\t<\/div>\n\t\t\t\t<\/div>\n\t\t\t\t\t<\/div>\n\t\t<\/div>\n\t\t\t\t<div class=\"elementor-column elementor-col-50 elementor-top-column elementor-element elementor-element-bca536b\" data-id=\"bca536b\" data-element_type=\"column\">\n\t\t\t<div class=\"elementor-widget-wrap elementor-element-populated\">\n\t\t\t\t\t\t<div class=\"elementor-element elementor-element-828256a elementor-widget elementor-widget-heading\" data-id=\"828256a\" data-element_type=\"widget\" data-widget_type=\"heading.default\">\n\t\t\t\t<div class=\"elementor-widget-container\">\n\t\t\t\t\t<h2 class=\"elementor-heading-title elementor-size-default\">PORTAL DEL CLIENTE<\/h2>\t\t\t\t<\/div>\n\t\t\t\t<\/div>\n\t\t\t\t\t<\/div>\n\t\t<\/div>\n\t\t\t\t\t<\/div>\n\t\t<\/section>\n\t\t\t\t<section class=\"elementor-section elementor-top-section elementor-element elementor-element-b0d1441 elementor-section-boxed elementor-section-height-default elementor-section-height-default\" data-id=\"b0d1441\" data-element_type=\"section\" data-settings=\"{&quot;_ha_eqh_enable&quot;:false}\">\n\t\t\t\t\t\t<div class=\"elementor-container elementor-column-gap-default\">\n\t\t\t\t\t<div class=\"elementor-column elementor-col-50 elementor-top-column elementor-element elementor-element-2a53da4\" data-id=\"2a53da4\" data-element_type=\"column\">\n\t\t\t<div class=\"elementor-widget-wrap elementor-element-populated\">\n\t\t\t\t\t\t<div class=\"elementor-element elementor-element-f6aa515 elementor-widget elementor-widget-text-editor\" data-id=\"f6aa515\" data-element_type=\"widget\" data-widget_type=\"text-editor.default\">\n\t\t\t\t<div class=\"elementor-widget-container\">\n\t\t\t\t\t\t\t\t\t<p>Ahora es m\u00e1s f\u00e1cil conocer todos los detalles de tu inmueble como estados de cuenta, avances de obra, datos de tu negocio y m\u00e1s.<\/p><p>Mira el video y sigue los pasos.\u00a0<\/p>\t\t\t\t\t\t\t\t<\/div>\n\t\t\t\t<\/div>\n\t\t\t\t<div class=\"elementor-element elementor-element-c74dd7f elementor-mobile-align-center elementor-widget elementor-widget-button\" data-id=\"c74dd7f\" data-element_type=\"widget\" data-widget_type=\"button.default\">\n\t\t\t\t<div class=\"elementor-widget-container\">\n\t\t\t\t\t\t\t\t\t<div class=\"elementor-button-wrapper\">\n\t\t\t\t\t<a class=\"elementor-button elementor-button-link elementor-size-sm\" href=\"https:\/\/manage.smart-home.com.co\/CustomerExperience.html?companyCode=06c7d5&#038;companyColor=ff2c3b\" target=\"_blank\">\n\t\t\t\t\t\t<span class=\"elementor-button-content-wrapper\">\n\t\t\t\t\t\t\t\t\t<span class=\"elementor-button-text\">REG\u00cdSTRATE AQU\u00cd<\/span>\n\t\t\t\t\t<\/span>\n\t\t\t\t\t<\/a>\n\t\t\t\t<\/div>\n\t\t\t\t\t\t\t\t<\/div>\n\t\t\t\t<\/div>\n\t\t\t\t<div class=\"elementor-element elementor-element-4c8fd31 elementor-mobile-align-center elementor-widget elementor-widget-button\" data-id=\"4c8fd31\" data-element_type=\"widget\" data-widget_type=\"button.default\">\n\t\t\t\t<div class=\"elementor-widget-container\">\n\t\t\t\t\t\t\t\t\t<div class=\"elementor-button-wrapper\">\n\t\t\t\t\t<a class=\"elementor-button elementor-button-link elementor-size-sm\" href=\"https:\/\/manage.smart-home.com.co\/CustomerExperience.html?companyCode=06c7d5&#038;companyColor=ff2c3b\" target=\"_blank\">\n\t\t\t\t\t\t<span class=\"elementor-button-content-wrapper\">\n\t\t\t\t\t\t\t\t\t<span class=\"elementor-button-text\">INICIAR SESI\u00d3N<\/span>\n\t\t\t\t\t<\/span>\n\t\t\t\t\t<\/a>\n\t\t\t\t<\/div>\n\t\t\t\t\t\t\t\t<\/div>\n\t\t\t\t<\/div>\n\t\t\t\t\t<\/div>\n\t\t<\/div>\n\t\t\t\t<div class=\"elementor-column elementor-col-50 elementor-top-column elementor-element elementor-element-a361f09\" data-id=\"a361f09\" data-element_type=\"column\">\n\t\t\t<div class=\"elementor-widget-wrap elementor-element-populated\">\n\t\t\t\t\t\t<div class=\"elementor-element elementor-element-d803b9c elementor-widget elementor-widget-video\" data-id=\"d803b9c\" data-element_type=\"widget\" data-settings=\"{&quot;youtube_url&quot;:&quot;https:\\\/\\\/youtu.be\\\/vB8v3xkzgfs?si=LjBm92HVcsyorlKi&quot;,&quot;video_type&quot;:&quot;youtube&quot;,&quot;controls&quot;:&quot;yes&quot;}\" data-widget_type=\"video.default\">\n\t\t\t\t<div class=\"elementor-widget-container\">\n\t\t\t\t\t\t\t<div class=\"elementor-wrapper elementor-open-inline\">\n\t\t\t<div class=\"elementor-video\"><\/div>\t\t<\/div>\n\t\t\t\t\t\t<\/div>\n\t\t\t\t<\/div>\n\t\t\t\t\t<\/div>\n\t\t<\/div>\n\t\t\t\t\t<\/div>\n\t\t<\/section>\n\t\t\t\t<\/div>","protected":false},"excerpt":{"rendered":"<p>PORTAL DEL CLIENTE Ahora es m\u00e1s f\u00e1cil conocer todos los detalles de tu inmueble como estados de cuenta, avances de obra, datos de tu negocio y m\u00e1s. Mira el video y sigue los pasos.\u00a0 REG\u00cdSTRATE AQU\u00cd INICIAR SESI\u00d3N<\/p>","protected":false},"author":1,"featured_media":0,"parent":0,"menu_order":0,"comment_status":"closed","ping_status":"closed","template":"","meta":{"pucrm_project_code":"","pucrm_tipo_vivienda":"","tipos_inmueble":[],"site-sidebar-layout":"no-sidebar","site-content-layout":"page-builder","ast-site-content-layout":"full-width-container","site-content-style":"unboxed","site-sidebar-style":"unboxed","ast-global-header-display":"","ast-banner-title-visibility":"","ast-main-header-display":"","ast-hfb-above-header-display":"","ast-hfb-below-header-display":"","ast-hfb-mobile-header-display":"","site-post-title":"disabled","ast-breadcrumbs-content":"disabled","ast-featured-img":"disabled","footer-sml-layout":"","ast-disable-related-posts":"","theme-transparent-header-meta":"enabled","adv-header-id-meta":"","stick-header-meta":"","header-above-stick-meta":"","header-main-stick-meta":"","header-below-stick-meta":"","astra-migrate-meta-layouts":"set","ast-page-background-enabled":"default","ast-page-background-meta":{"desktop":{"background-color":"","background-image":"","background-repeat":"repeat","background-position":"center center","background-size":"auto","background-attachment":"scroll","background-type":"","background-media":"","overlay-type":"","overlay-color":"","overlay-opacity":"","overlay-gradient":""},"tablet":{"background-color":"","background-image":"","background-repeat":"repeat","background-position":"center center","background-size":"auto","background-attachment":"scroll","background-type":"","background-media":"","overlay-type":"","overlay-color":"","overlay-opacity":"","overlay-gradient":""},"mobile":{"background-color":"","background-image":"","background-repeat":"repeat","background-position":"center center","background-size":"auto","background-attachment":"scroll","background-type":"","background-media":"","overlay-type":"","overlay-color":"","overlay-opacity":"","overlay-gradient":""}},"ast-content-background-meta":{"desktop":{"background-color":"var(--ast-global-color-5)","background-image":"","background-repeat":"repeat","background-position":"center center","background-size":"auto","background-attachment":"scroll","background-type":"","background-media":"","overlay-type":"","overlay-color":"","overlay-opacity":"","overlay-gradient":""},"tablet":{"background-color":"var(--ast-global-color-5)","background-image":"","background-repeat":"repeat","background-position":"center center","background-size":"auto","background-attachment":"scroll","background-type":"","background-media":"","overlay-type":"","overlay-color":"","overlay-opacity":"","overlay-gradient":""},"mobile":{"background-color":"var(--ast-global-color-5)","background-image":"","background-repeat":"repeat","background-position":"center center","background-size":"auto","background-attachment":"scroll","background-type":"","background-media":"","overlay-type":"","overlay-color":"","overlay-opacity":"","overlay-gradient":""}},"footnotes":""},"class_list":["post-11994","page","type-page","status-publish","hentry"],"yoast_head":"<!-- This site is optimized with the Yoast SEO plugin v27.1.1 - https:\/\/yoast.com\/product\/yoast-seo-wordpress\/ -->\n<title>Portal del Cliente - Proyectos Urbanos<\/title>\n<meta name=\"robots\" content=\"noindex, nofollow\" \/>\n<meta property=\"og:locale\" content=\"en_US\" \/>\n<meta property=\"og:type\" content=\"article\" \/>\n<meta property=\"og:title\" content=\"Portal del Cliente - Proyectos Urbanos\" \/>\n<meta property=\"og:description\" content=\"PORTAL DEL CLIENTE Ahora es m\u00e1s f\u00e1cil conocer todos los detalles de tu inmueble como estados de cuenta, avances de obra, datos de tu negocio y m\u00e1s. Mira el video y sigue los pasos.\u00a0 REG\u00cdSTRATE AQU\u00cd INICIAR SESI\u00d3N\" \/>\n<meta property=\"og:url\" content=\"https:\/\/proyectosurbanos.com.co\/en\/portal\/\" \/>\n<meta property=\"og:site_name\" content=\"Proyectos Urbanos\" \/>\n<meta property=\"article:publisher\" content=\"https:\/\/www.facebook.com\/proyectosurbanosc\/\" \/>\n<meta property=\"article:modified_time\" content=\"2024-07-15T21:23:15+00:00\" \/>\n<meta property=\"og:image\" content=\"https:\/\/proyectosurbanos.com.co\/wp-content\/uploads\/2024\/01\/copy-portal.png\" \/>\n<meta name=\"twitter:card\" content=\"summary_large_image\" \/>\n<meta name=\"twitter:label1\" content=\"Est. reading time\" \/>\n\t<meta name=\"twitter:data1\" content=\"1 minute\" \/>\n<script type=\"application\/ld+json\" class=\"yoast-schema-graph\">{\"@context\":\"https:\/\/schema.org\",\"@graph\":[{\"@type\":\"WebPage\",\"@id\":\"https:\/\/proyectosurbanos.com.co\/portal\/\",\"url\":\"https:\/\/proyectosurbanos.com.co\/portal\/\",\"name\":\"Portal del Cliente - Proyectos Urbanos\",\"isPartOf\":{\"@id\":\"https:\/\/proyectosurbanos.com.co\/#website\"},\"primaryImageOfPage\":{\"@id\":\"https:\/\/proyectosurbanos.com.co\/portal\/#primaryimage\"},\"image\":{\"@id\":\"https:\/\/proyectosurbanos.com.co\/portal\/#primaryimage\"},\"thumbnailUrl\":\"https:\/\/proyectosurbanos.com.co\/wp-content\/uploads\/2024\/01\/copy-portal.png\",\"datePublished\":\"2022-09-13T13:55:25+00:00\",\"dateModified\":\"2024-07-15T21:23:15+00:00\",\"breadcrumb\":{\"@id\":\"https:\/\/proyectosurbanos.com.co\/portal\/#breadcrumb\"},\"inLanguage\":\"en-US\",\"potentialAction\":[{\"@type\":\"ReadAction\",\"target\":[\"https:\/\/proyectosurbanos.com.co\/portal\/\"]}]},{\"@type\":\"ImageObject\",\"inLanguage\":\"en-US\",\"@id\":\"https:\/\/proyectosurbanos.com.co\/portal\/#primaryimage\",\"url\":\"https:\/\/proyectosurbanos.com.co\/wp-content\/uploads\/2024\/01\/copy-portal.png\",\"contentUrl\":\"https:\/\/proyectosurbanos.com.co\/wp-content\/uploads\/2024\/01\/copy-portal.png\"},{\"@type\":\"BreadcrumbList\",\"@id\":\"https:\/\/proyectosurbanos.com.co\/portal\/#breadcrumb\",\"itemListElement\":[{\"@type\":\"ListItem\",\"position\":1,\"name\":\"Portada\",\"item\":\"https:\/\/proyectosurbanos.com.co\/\"},{\"@type\":\"ListItem\",\"position\":2,\"name\":\"Portal del Cliente\"}]},{\"@type\":\"WebSite\",\"@id\":\"https:\/\/proyectosurbanos.com.co\/#website\",\"url\":\"https:\/\/proyectosurbanos.com.co\/\",\"name\":\"Proyectos Urbanos\",\"description\":\"Proyectos Urbanos\",\"publisher\":{\"@id\":\"https:\/\/proyectosurbanos.com.co\/#organization\"},\"potentialAction\":[{\"@type\":\"SearchAction\",\"target\":{\"@type\":\"EntryPoint\",\"urlTemplate\":\"https:\/\/proyectosurbanos.com.co\/?s={search_term_string}\"},\"query-input\":{\"@type\":\"PropertyValueSpecification\",\"valueRequired\":true,\"valueName\":\"search_term_string\"}}],\"inLanguage\":\"en-US\"},{\"@type\":\"Organization\",\"@id\":\"https:\/\/proyectosurbanos.com.co\/#organization\",\"name\":\"Proyectos Urbanos\",\"url\":\"https:\/\/proyectosurbanos.com.co\/\",\"logo\":{\"@type\":\"ImageObject\",\"inLanguage\":\"en-US\",\"@id\":\"https:\/\/proyectosurbanos.com.co\/#\/schema\/logo\/image\/\",\"url\":\"https:\/\/proyectosurbanos.com.co\/wp-content\/uploads\/2022\/12\/Logo-PU-2022-color.png\",\"contentUrl\":\"https:\/\/proyectosurbanos.com.co\/wp-content\/uploads\/2022\/12\/Logo-PU-2022-color.png\",\"width\":1229,\"height\":502,\"caption\":\"Proyectos Urbanos\"},\"image\":{\"@id\":\"https:\/\/proyectosurbanos.com.co\/#\/schema\/logo\/image\/\"},\"sameAs\":[\"https:\/\/www.facebook.com\/proyectosurbanosc\/\",\"https:\/\/www.youtube.com\/channel\/UCI3qQ5VKUYv4JsaIKg4d3bw\",\"https:\/\/www.tiktok.com\/@proyectosurbanosc\",\"https:\/\/www.instagram.com\/proyectosurbanosc\/?hl=es-la\"]}]}<\/script>\n<!-- \/ Yoast SEO plugin. -->","yoast_head_json":{"title":"Portal del Cliente - Proyectos Urbanos","robots":{"index":"noindex","follow":"nofollow"},"og_locale":"en_US","og_type":"article","og_title":"Portal del Cliente - Proyectos Urbanos","og_description":"PORTAL DEL CLIENTE Ahora es m\u00e1s f\u00e1cil conocer todos los detalles de tu inmueble como estados de cuenta, avances de obra, datos de tu negocio y m\u00e1s. Mira el video y sigue los pasos.\u00a0 REG\u00cdSTRATE AQU\u00cd INICIAR SESI\u00d3N","og_url":"https:\/\/proyectosurbanos.com.co\/en\/portal\/","og_site_name":"Proyectos Urbanos","article_publisher":"https:\/\/www.facebook.com\/proyectosurbanosc\/","article_modified_time":"2024-07-15T21:23:15+00:00","og_image":[{"url":"https:\/\/proyectosurbanos.com.co\/wp-content\/uploads\/2024\/01\/copy-portal.png","type":"","width":"","height":""}],"twitter_card":"summary_large_image","twitter_misc":{"Est. reading time":"1 minute"},"schema":{"@context":"https:\/\/schema.org","@graph":[{"@type":"WebPage","@id":"https:\/\/proyectosurbanos.com.co\/portal\/","url":"https:\/\/proyectosurbanos.com.co\/portal\/","name":"Portal del Cliente - Proyectos Urbanos","isPartOf":{"@id":"https:\/\/proyectosurbanos.com.co\/#website"},"primaryImageOfPage":{"@id":"https:\/\/proyectosurbanos.com.co\/portal\/#primaryimage"},"image":{"@id":"https:\/\/proyectosurbanos.com.co\/portal\/#primaryimage"},"thumbnailUrl":"https:\/\/proyectosurbanos.com.co\/wp-content\/uploads\/2024\/01\/copy-portal.png","datePublished":"2022-09-13T13:55:25+00:00","dateModified":"2024-07-15T21:23:15+00:00","breadcrumb":{"@id":"https:\/\/proyectosurbanos.com.co\/portal\/#breadcrumb"},"inLanguage":"en-US","potentialAction":[{"@type":"ReadAction","target":["https:\/\/proyectosurbanos.com.co\/portal\/"]}]},{"@type":"ImageObject","inLanguage":"en-US","@id":"https:\/\/proyectosurbanos.com.co\/portal\/#primaryimage","url":"https:\/\/proyectosurbanos.com.co\/wp-content\/uploads\/2024\/01\/copy-portal.png","contentUrl":"https:\/\/proyectosurbanos.com.co\/wp-content\/uploads\/2024\/01\/copy-portal.png"},{"@type":"BreadcrumbList","@id":"https:\/\/proyectosurbanos.com.co\/portal\/#breadcrumb","itemListElement":[{"@type":"ListItem","position":1,"name":"Portada","item":"https:\/\/proyectosurbanos.com.co\/"},{"@type":"ListItem","position":2,"name":"Portal del Cliente"}]},{"@type":"WebSite","@id":"https:\/\/proyectosurbanos.com.co\/#website","url":"https:\/\/proyectosurbanos.com.co\/","name":"Proyectos Urbanos","description":"Proyectos Urbanos","publisher":{"@id":"https:\/\/proyectosurbanos.com.co\/#organization"},"potentialAction":[{"@type":"SearchAction","target":{"@type":"EntryPoint","urlTemplate":"https:\/\/proyectosurbanos.com.co\/?s={search_term_string}"},"query-input":{"@type":"PropertyValueSpecification","valueRequired":true,"valueName":"search_term_string"}}],"inLanguage":"en-US"},{"@type":"Organization","@id":"https:\/\/proyectosurbanos.com.co\/#organization","name":"Proyectos Urbanos","url":"https:\/\/proyectosurbanos.com.co\/","logo":{"@type":"ImageObject","inLanguage":"en-US","@id":"https:\/\/proyectosurbanos.com.co\/#\/schema\/logo\/image\/","url":"https:\/\/proyectosurbanos.com.co\/wp-content\/uploads\/2022\/12\/Logo-PU-2022-color.png","contentUrl":"https:\/\/proyectosurbanos.com.co\/wp-content\/uploads\/2022\/12\/Logo-PU-2022-color.png","width":1229,"height":502,"caption":"Proyectos Urbanos"},"image":{"@id":"https:\/\/proyectosurbanos.com.co\/#\/schema\/logo\/image\/"},"sameAs":["https:\/\/www.facebook.com\/proyectosurbanosc\/","https:\/\/www.youtube.com\/channel\/UCI3qQ5VKUYv4JsaIKg4d3bw","https:\/\/www.tiktok.com\/@proyectosurbanosc","https:\/\/www.instagram.com\/proyectosurbanosc\/?hl=es-la"]}]}},"_links":{"self":[{"href":"https:\/\/proyectosurbanos.com.co\/en\/wp-json\/wp\/v2\/pages\/11994","targetHints":{"allow":["GET"]}}],"collection":[{"href":"https:\/\/proyectosurbanos.com.co\/en\/wp-json\/wp\/v2\/pages"}],"about":[{"href":"https:\/\/proyectosurbanos.com.co\/en\/wp-json\/wp\/v2\/types\/page"}],"author":[{"embeddable":true,"href":"https:\/\/proyectosurbanos.com.co\/en\/wp-json\/wp\/v2\/users\/1"}],"replies":[{"embeddable":true,"href":"https:\/\/proyectosurbanos.com.co\/en\/wp-json\/wp\/v2\/comments?post=11994"}],"version-history":[{"count":148,"href":"https:\/\/proyectosurbanos.com.co\/en\/wp-json\/wp\/v2\/pages\/11994\/revisions"}],"predecessor-version":[{"id":18504,"href":"https:\/\/proyectosurbanos.com.co\/en\/wp-json\/wp\/v2\/pages\/11994\/revisions\/18504"}],"wp:attachment":[{"href":"https:\/\/proyectosurbanos.com.co\/en\/wp-json\/wp\/v2\/media?parent=11994"}],"curies":[{"name":"wp","href":"https:\/\/api.w.org\/{rel}","templated":true}]}}